{"id":4134,"date":"2026-02-11T17:08:41","date_gmt":"2026-02-11T15:08:41","guid":{"rendered":"https:\/\/housesmoke.ch\/?post_type=product&#038;p=4134"},"modified":"2026-02-21T18:07:52","modified_gmt":"2026-02-21T16:07:52","slug":"coca-cola-zero","status":"publish","type":"product","link":"http:\/\/housesmoke.ch\/fr\/produit\/coca-cola-zero\/","title":{"rendered":"Coca-Cola z\u00e9ro"},"content":{"rendered":"<p>Tout le go\u00fbt mythique de Coca-Cola sans sucres, dans un format familial id\u00e9al pour le quotidien, les repas et les moments de partage.<\/p>\n","protected":false},"excerpt":{"rendered":"<p>&nbsp;<\/p>\n<table class=\"info-table\" style=\"height: 375px;\" width=\"1786\">\n<tbody>\n<tr>\n<th style=\"text-align: left;\">Cat\u00e9gorie<\/th>\n<td>Soft drinks<\/td>\n<\/tr>\n<tr>\n<th style=\"text-align: left;\">Ingr\u00e9dients<\/th>\n<td>Eau gaz\u00e9ifi\u00e9e, colorant (caramel E150d), acidifiant (acide phosphorique), \u00e9dulcorants, ar\u00f4mes naturels, caf\u00e9ine.<\/td>\n<\/tr>\n<tr>\n<th style=\"text-align: left;\">Conditionnement<\/th>\n<td>Carton de 6 bouteilles<\/td>\n<\/tr>\n<tr>\n<th style=\"text-align: left;\"><strong>Volume total<\/strong><\/th>\n<td>9 L<\/td>\n<\/tr>\n<tr>\n<th style=\"text-align: left;\"><strong>Prix indicatif \u00e0 l&rsquo;unit\u00e9<\/strong><\/th>\n<td>2.85<\/td>\n<\/tr>\n<\/tbody>\n<\/table>\n<p><!--more--><!--more--><\/p>\n","protected":false},"featured_media":4343,"comment_status":"open","ping_status":"closed","template":"","meta":{"_acf_changed":false,"site-sidebar-layout":"default","site-content-layout":"","ast-site-content-layout":"default","site-content-style":"default","site-sidebar-style":"default","ast-global-header-display":"","ast-banner-title-visibility":"","ast-main-header-display":"","ast-hfb-above-header-display":"","ast-hfb-below-header-display":"","ast-hfb-mobile-header-display":"","site-post-title":"","ast-breadcrumbs-content":"","ast-featured-img":"","footer-sml-layout":"","ast-disable-related-posts":"","theme-transparent-header-meta":"default","adv-header-id-meta":"","stick-header-meta":"","header-above-stick-meta":"","header-main-stick-meta":"","header-below-stick-meta":"","astra-migrate-meta-layouts":"set","ast-page-background-enabled":"default","ast-page-background-meta":{"desktop":{"background-color":"var(--ast-global-color-4)","background-image":"","background-repeat":"repeat","background-position":"center center","background-size":"auto","background-attachment":"scroll","background-type":"","background-media":"","overlay-type":"","overlay-color":"","overlay-opacity":"","overlay-gradient":""},"tablet":{"background-color":"","background-image":"","background-repeat":"repeat","background-position":"center center","background-size":"auto","background-attachment":"scroll","background-type":"","background-media":"","overlay-type":"","overlay-color":"","overlay-opacity":"","overlay-gradient":""},"mobile":{"background-color":"","background-image":"","background-repeat":"repeat","background-position":"center center","background-size":"auto","background-attachment":"scroll","background-type":"","background-media":"","overlay-type":"","overlay-color":"","overlay-opacity":"","overlay-gradient":""}},"ast-content-background-meta":{"desktop":{"background-color":"var(--ast-global-color-5)","background-image":"","background-repeat":"repeat","background-position":"center center","background-size":"auto","background-attachment":"scroll","background-type":"","background-media":"","overlay-type":"","overlay-color":"","overlay-opacity":"","overlay-gradient":""},"tablet":{"background-color":"var(--ast-global-color-5)","background-image":"","background-repeat":"repeat","background-position":"center center","background-size":"auto","background-attachment":"scroll","background-type":"","background-media":"","overlay-type":"","overlay-color":"","overlay-opacity":"","overlay-gradient":""},"mobile":{"background-color":"var(--ast-global-color-5)","background-image":"","background-repeat":"repeat","background-position":"center center","background-size":"auto","background-attachment":"scroll","background-type":"","background-media":"","overlay-type":"","overlay-color":"","overlay-opacity":"","overlay-gradient":""}}},"pwb-brand":[],"product_brand":[],"product_cat":[105],"product_tag":[],"class_list":{"0":"post-4134","1":"product","2":"type-product","3":"status-publish","4":"has-post-thumbnail","6":"product_cat-soft-drinks","7":"pa_format-canette-1x33cl","8":"pa_format-pet-1x50cl","9":"pa_format-pet-1x150cl","10":"pa_format-pet-1x2l","11":"pa_format-pet-6x50cl","12":"pa_format-pet-6x150cl","13":"pa_format-pet-6x2l","14":"pa_format-vc-24x33cl","15":"pa_format-pet-24x50cl","16":"pa_format-postmix-10l","17":"pa_size-1-5l","18":"desktop-align-left","19":"tablet-align-left","20":"mobile-align-left","22":"first","23":"instock","24":"taxable","25":"shipping-taxable","26":"purchasable","27":"product-type-variable","28":"has-default-attributes"},"acf":[],"yoast_head":"<!-- This site is optimized with the Yoast SEO plugin v26.9 - https:\/\/yoast.com\/product\/yoast-seo-wordpress\/ -->\n<title>Coca-Cola z\u00e9ro - Housesmoke<\/title>\n<meta name=\"robots\" content=\"index, follow, max-snippet:-1, max-image-preview:large, max-video-preview:-1\" \/>\n<link rel=\"canonical\" href=\"https:\/\/housesmoke.ch\/fr\/produit\/coca-cola-zero\/\" \/>\n<meta property=\"og:locale\" content=\"fr_FR\" \/>\n<meta property=\"og:type\" content=\"article\" \/>\n<meta property=\"og:title\" content=\"Coca-Cola z\u00e9ro - Housesmoke\" \/>\n<meta property=\"og:description\" content=\"&nbsp;    Cat\u00e9gorie Soft drinks   Ingr\u00e9dients Eau gaz\u00e9ifi\u00e9e, colorant (caramel E150d), acidifiant (acide phosphorique), \u00e9dulcorants, ar\u00f4mes naturels, caf\u00e9ine.   Conditionnement Carton de 6 bouteilles   Volume total 9 L   Prix indicatif \u00e0 l&#039;unit\u00e9 2.85\" \/>\n<meta property=\"og:url\" content=\"https:\/\/housesmoke.ch\/fr\/produit\/coca-cola-zero\/\" \/>\n<meta property=\"og:site_name\" content=\"Housesmoke\" \/>\n<meta property=\"article:modified_time\" content=\"2026-02-21T16:07:52+00:00\" \/>\n<meta property=\"og:image\" content=\"https:\/\/housesmoke.ch\/wp-content\/uploads\/2026\/02\/Capture-decran-2026-02-21-a-16.37.10.png\" \/>\n\t<meta property=\"og:image:width\" content=\"816\" \/>\n\t<meta property=\"og:image:height\" content=\"1219\" \/>\n\t<meta property=\"og:image:type\" content=\"image\/png\" \/>\n<meta name=\"twitter:card\" content=\"summary_large_image\" \/>\n<meta name=\"twitter:label1\" content=\"Dur\u00e9e de lecture estim\u00e9e\" \/>\n\t<meta name=\"twitter:data1\" content=\"1 minute\" \/>\n<script type=\"application\/ld+json\" class=\"yoast-schema-graph\">{\"@context\":\"https:\/\/schema.org\",\"@graph\":[{\"@type\":\"WebPage\",\"@id\":\"https:\/\/housesmoke.ch\/produit\/coca-cola-zero\/\",\"url\":\"https:\/\/housesmoke.ch\/produit\/coca-cola-zero\/\",\"name\":\"Coca-Cola z\u00e9ro - Housesmoke\",\"isPartOf\":{\"@id\":\"https:\/\/housesmoke.ch\/#website\"},\"primaryImageOfPage\":{\"@id\":\"https:\/\/housesmoke.ch\/produit\/coca-cola-zero\/#primaryimage\"},\"image\":{\"@id\":\"https:\/\/housesmoke.ch\/produit\/coca-cola-zero\/#primaryimage\"},\"thumbnailUrl\":\"https:\/\/housesmoke.ch\/wp-content\/uploads\/2026\/02\/Capture-decran-2026-02-21-a-16.37.10.png\",\"datePublished\":\"2026-02-11T15:08:41+00:00\",\"dateModified\":\"2026-02-21T16:07:52+00:00\",\"breadcrumb\":{\"@id\":\"https:\/\/housesmoke.ch\/produit\/coca-cola-zero\/#breadcrumb\"},\"inLanguage\":\"fr-FR\",\"potentialAction\":[{\"@type\":\"ReadAction\",\"target\":[\"https:\/\/housesmoke.ch\/produit\/coca-cola-zero\/\"]}]},{\"@type\":\"ImageObject\",\"inLanguage\":\"fr-FR\",\"@id\":\"https:\/\/housesmoke.ch\/produit\/coca-cola-zero\/#primaryimage\",\"url\":\"https:\/\/housesmoke.ch\/wp-content\/uploads\/2026\/02\/Capture-decran-2026-02-21-a-16.37.10.png\",\"contentUrl\":\"https:\/\/housesmoke.ch\/wp-content\/uploads\/2026\/02\/Capture-decran-2026-02-21-a-16.37.10.png\",\"width\":816,\"height\":1219},{\"@type\":\"BreadcrumbList\",\"@id\":\"https:\/\/housesmoke.ch\/produit\/coca-cola-zero\/#breadcrumb\",\"itemListElement\":[{\"@type\":\"ListItem\",\"position\":1,\"name\":\"Accueil\",\"item\":\"https:\/\/housesmoke.ch\/fr_fr\/\"},{\"@type\":\"ListItem\",\"position\":2,\"name\":\"Produits\",\"item\":\"https:\/\/housesmoke.ch\/products\/\"},{\"@type\":\"ListItem\",\"position\":3,\"name\":\"Coca-Cola z\u00e9ro\"}]},{\"@type\":\"WebSite\",\"@id\":\"https:\/\/housesmoke.ch\/#website\",\"url\":\"https:\/\/housesmoke.ch\/\",\"name\":\"Housesmoke\",\"description\":\"\",\"potentialAction\":[{\"@type\":\"SearchAction\",\"target\":{\"@type\":\"EntryPoint\",\"urlTemplate\":\"https:\/\/housesmoke.ch\/?s={search_term_string}\"},\"query-input\":{\"@type\":\"PropertyValueSpecification\",\"valueRequired\":true,\"valueName\":\"search_term_string\"}}],\"inLanguage\":\"fr-FR\"}]}<\/script>\n<!-- \/ Yoast SEO plugin. -->","yoast_head_json":{"title":"Coca-Cola z\u00e9ro - Housesmoke","robots":{"index":"index","follow":"follow","max-snippet":"max-snippet:-1","max-image-preview":"max-image-preview:large","max-video-preview":"max-video-preview:-1"},"canonical":"https:\/\/housesmoke.ch\/fr\/produit\/coca-cola-zero\/","og_locale":"fr_FR","og_type":"article","og_title":"Coca-Cola z\u00e9ro - Housesmoke","og_description":"&nbsp;    Cat\u00e9gorie Soft drinks   Ingr\u00e9dients Eau gaz\u00e9ifi\u00e9e, colorant (caramel E150d), acidifiant (acide phosphorique), \u00e9dulcorants, ar\u00f4mes naturels, caf\u00e9ine.   Conditionnement Carton de 6 bouteilles   Volume total 9 L   Prix indicatif \u00e0 l'unit\u00e9 2.85","og_url":"https:\/\/housesmoke.ch\/fr\/produit\/coca-cola-zero\/","og_site_name":"Housesmoke","article_modified_time":"2026-02-21T16:07:52+00:00","og_image":[{"width":816,"height":1219,"url":"https:\/\/housesmoke.ch\/wp-content\/uploads\/2026\/02\/Capture-decran-2026-02-21-a-16.37.10.png","type":"image\/png"}],"twitter_card":"summary_large_image","twitter_misc":{"Dur\u00e9e de lecture estim\u00e9e":"1 minute"},"schema":{"@context":"https:\/\/schema.org","@graph":[{"@type":"WebPage","@id":"https:\/\/housesmoke.ch\/produit\/coca-cola-zero\/","url":"https:\/\/housesmoke.ch\/produit\/coca-cola-zero\/","name":"Coca-Cola z\u00e9ro - Housesmoke","isPartOf":{"@id":"https:\/\/housesmoke.ch\/#website"},"primaryImageOfPage":{"@id":"https:\/\/housesmoke.ch\/produit\/coca-cola-zero\/#primaryimage"},"image":{"@id":"https:\/\/housesmoke.ch\/produit\/coca-cola-zero\/#primaryimage"},"thumbnailUrl":"https:\/\/housesmoke.ch\/wp-content\/uploads\/2026\/02\/Capture-decran-2026-02-21-a-16.37.10.png","datePublished":"2026-02-11T15:08:41+00:00","dateModified":"2026-02-21T16:07:52+00:00","breadcrumb":{"@id":"https:\/\/housesmoke.ch\/produit\/coca-cola-zero\/#breadcrumb"},"inLanguage":"fr-FR","potentialAction":[{"@type":"ReadAction","target":["https:\/\/housesmoke.ch\/produit\/coca-cola-zero\/"]}]},{"@type":"ImageObject","inLanguage":"fr-FR","@id":"https:\/\/housesmoke.ch\/produit\/coca-cola-zero\/#primaryimage","url":"https:\/\/housesmoke.ch\/wp-content\/uploads\/2026\/02\/Capture-decran-2026-02-21-a-16.37.10.png","contentUrl":"https:\/\/housesmoke.ch\/wp-content\/uploads\/2026\/02\/Capture-decran-2026-02-21-a-16.37.10.png","width":816,"height":1219},{"@type":"BreadcrumbList","@id":"https:\/\/housesmoke.ch\/produit\/coca-cola-zero\/#breadcrumb","itemListElement":[{"@type":"ListItem","position":1,"name":"Accueil","item":"https:\/\/housesmoke.ch\/fr_fr\/"},{"@type":"ListItem","position":2,"name":"Produits","item":"https:\/\/housesmoke.ch\/products\/"},{"@type":"ListItem","position":3,"name":"Coca-Cola z\u00e9ro"}]},{"@type":"WebSite","@id":"https:\/\/housesmoke.ch\/#website","url":"https:\/\/housesmoke.ch\/","name":"Housesmoke","description":"","potentialAction":[{"@type":"SearchAction","target":{"@type":"EntryPoint","urlTemplate":"https:\/\/housesmoke.ch\/?s={search_term_string}"},"query-input":{"@type":"PropertyValueSpecification","valueRequired":true,"valueName":"search_term_string"}}],"inLanguage":"fr-FR"}]}},"brands":[],"_links":{"self":[{"href":"http:\/\/housesmoke.ch\/fr\/wp-json\/wp\/v2\/product\/4134","targetHints":{"allow":["GET"]}}],"collection":[{"href":"http:\/\/housesmoke.ch\/fr\/wp-json\/wp\/v2\/product"}],"about":[{"href":"http:\/\/housesmoke.ch\/fr\/wp-json\/wp\/v2\/types\/product"}],"replies":[{"embeddable":true,"href":"http:\/\/housesmoke.ch\/fr\/wp-json\/wp\/v2\/comments?post=4134"}],"wp:featuredmedia":[{"embeddable":true,"href":"http:\/\/housesmoke.ch\/fr\/wp-json\/wp\/v2\/media\/4343"}],"wp:attachment":[{"href":"http:\/\/housesmoke.ch\/fr\/wp-json\/wp\/v2\/media?parent=4134"}],"wp:term":[{"taxonomy":"pwb-brand","embeddable":true,"href":"http:\/\/housesmoke.ch\/fr\/wp-json\/wp\/v2\/pwb-brand?post=4134"},{"taxonomy":"product_brand","embeddable":true,"href":"http:\/\/housesmoke.ch\/fr\/wp-json\/wp\/v2\/product_brand?post=4134"},{"taxonomy":"product_cat","embeddable":true,"href":"http:\/\/housesmoke.ch\/fr\/wp-json\/wp\/v2\/product_cat?post=4134"},{"taxonomy":"product_tag","embeddable":true,"href":"http:\/\/housesmoke.ch\/fr\/wp-json\/wp\/v2\/product_tag?post=4134"}],"curies":[{"name":"wp","href":"https:\/\/api.w.org\/{rel}","templated":true}]}}