{"id":4128,"date":"2026-02-11T16:12:28","date_gmt":"2026-02-11T14:12:28","guid":{"rendered":"https:\/\/housesmoke.ch\/?post_type=product&#038;p=4128"},"modified":"2026-02-21T18:09:25","modified_gmt":"2026-02-21T16:09:25","slug":"4128","status":"publish","type":"product","link":"http:\/\/housesmoke.ch\/fr\/produit\/4128\/","title":{"rendered":"Rivella Bleu"},"content":{"rendered":"<p>Une alternative l\u00e9g\u00e8re et rafra\u00eechissante avec tout le caract\u00e8re unique de Rivella Bleu. Subtile, p\u00e9tillante et d\u00e9salt\u00e9rante, id\u00e9ale pour les repas et les moments de partage<\/p>\n","protected":false},"excerpt":{"rendered":"<p>&nbsp;<\/p>\n<table class=\"info-table\" style=\"height: 263px;\" width=\"911\">\n<tbody>\n<tr>\n<th style=\"text-align: left;\">Cat\u00e9gorie<\/th>\n<td>Soft drinks<\/td>\n<\/tr>\n<tr>\n<th style=\"text-align: left;\">Ingr\u00e9dients<\/th>\n<td>Eau, lactos\u00e9rum (issu du lait), \u00e9dulcorants, gaz carbonique, acidifiant (acide citrique), ar\u00f4mes naturels.<\/td>\n<\/tr>\n<tr>\n<th style=\"text-align: left;\">Conditionnement<\/th>\n<td>Carton de 6 bouteilles<\/td>\n<\/tr>\n<tr>\n<th style=\"text-align: left;\"><strong>Volume total<\/strong><\/th>\n<td>9 L<\/td>\n<\/tr>\n<tr>\n<th style=\"text-align: left;\"><strong>Prix indicatif \u00e0 l&rsquo;unit\u00e9<\/strong><\/th>\n<td>2.85<\/td>\n<\/tr>\n<\/tbody>\n<\/table>\n","protected":false},"featured_media":4336,"comment_status":"open","ping_status":"closed","template":"","meta":{"_acf_changed":false,"site-sidebar-layout":"default","site-content-layout":"","ast-site-content-layout":"default","site-content-style":"default","site-sidebar-style":"default","ast-global-header-display":"","ast-banner-title-visibility":"","ast-main-header-display":"","ast-hfb-above-header-display":"","ast-hfb-below-header-display":"","ast-hfb-mobile-header-display":"","site-post-title":"","ast-breadcrumbs-content":"","ast-featured-img":"","footer-sml-layout":"","ast-disable-related-posts":"","theme-transparent-header-meta":"default","adv-header-id-meta":"","stick-header-meta":"","header-above-stick-meta":"","header-main-stick-meta":"","header-below-stick-meta":"","astra-migrate-meta-layouts":"set","ast-page-background-enabled":"default","ast-page-background-meta":{"desktop":{"background-color":"var(--ast-global-color-4)","background-image":"","background-repeat":"repeat","background-position":"center center","background-size":"auto","background-attachment":"scroll","background-type":"","background-media":"","overlay-type":"","overlay-color":"","overlay-opacity":"","overlay-gradient":""},"tablet":{"background-color":"","background-image":"","background-repeat":"repeat","background-position":"center center","background-size":"auto","background-attachment":"scroll","background-type":"","background-media":"","overlay-type":"","overlay-color":"","overlay-opacity":"","overlay-gradient":""},"mobile":{"background-color":"","background-image":"","background-repeat":"repeat","background-position":"center center","background-size":"auto","background-attachment":"scroll","background-type":"","background-media":"","overlay-type":"","overlay-color":"","overlay-opacity":"","overlay-gradient":""}},"ast-content-background-meta":{"desktop":{"background-color":"var(--ast-global-color-5)","background-image":"","background-repeat":"repeat","background-position":"center center","background-size":"auto","background-attachment":"scroll","background-type":"","background-media":"","overlay-type":"","overlay-color":"","overlay-opacity":"","overlay-gradient":""},"tablet":{"background-color":"var(--ast-global-color-5)","background-image":"","background-repeat":"repeat","background-position":"center center","background-size":"auto","background-attachment":"scroll","background-type":"","background-media":"","overlay-type":"","overlay-color":"","overlay-opacity":"","overlay-gradient":""},"mobile":{"background-color":"var(--ast-global-color-5)","background-image":"","background-repeat":"repeat","background-position":"center center","background-size":"auto","background-attachment":"scroll","background-type":"","background-media":"","overlay-type":"","overlay-color":"","overlay-opacity":"","overlay-gradient":""}}},"pwb-brand":[],"product_brand":[],"product_cat":[105],"product_tag":[],"class_list":{"0":"post-4128","1":"product","2":"type-product","3":"status-publish","4":"has-post-thumbnail","6":"product_cat-soft-drinks","7":"pa_format-pet-1x50cl","8":"pa_format-pet-1x150cl","9":"pa_format-pet-6x150cl","10":"pa_format-vc-24x33cl","11":"pa_format-pet-24x50cl","12":"pa_size-1-5l","13":"desktop-align-left","14":"tablet-align-left","15":"mobile-align-left","17":"first","18":"instock","19":"taxable","20":"shipping-taxable","21":"purchasable","22":"product-type-variable","23":"has-default-attributes"},"acf":[],"yoast_head":"<!-- This site is optimized with the Yoast SEO plugin v26.9 - https:\/\/yoast.com\/product\/yoast-seo-wordpress\/ -->\n<title>Rivella Bleu - Housesmoke<\/title>\n<meta name=\"robots\" content=\"index, follow, max-snippet:-1, max-image-preview:large, max-video-preview:-1\" \/>\n<link rel=\"canonical\" href=\"https:\/\/housesmoke.ch\/fr\/produit\/4128\/\" \/>\n<meta property=\"og:locale\" content=\"fr_FR\" \/>\n<meta property=\"og:type\" content=\"article\" \/>\n<meta property=\"og:title\" content=\"Rivella Bleu - Housesmoke\" \/>\n<meta property=\"og:description\" content=\"&nbsp;    Cat\u00e9gorie Soft drinks   Ingr\u00e9dients Eau, lactos\u00e9rum (issu du lait), \u00e9dulcorants, gaz carbonique, acidifiant (acide citrique), ar\u00f4mes naturels.   Conditionnement Carton de 6 bouteilles   Volume total 9 L   Prix indicatif \u00e0 l&#039;unit\u00e9 2.85\" \/>\n<meta property=\"og:url\" content=\"https:\/\/housesmoke.ch\/fr\/produit\/4128\/\" \/>\n<meta property=\"og:site_name\" content=\"Housesmoke\" \/>\n<meta property=\"article:modified_time\" content=\"2026-02-21T16:09:25+00:00\" \/>\n<meta property=\"og:image\" content=\"https:\/\/housesmoke.ch\/wp-content\/uploads\/2026\/02\/1x50cl-7.png\" \/>\n\t<meta property=\"og:image:width\" content=\"1058\" \/>\n\t<meta property=\"og:image:height\" content=\"1587\" \/>\n\t<meta property=\"og:image:type\" content=\"image\/png\" \/>\n<meta name=\"twitter:card\" content=\"summary_large_image\" \/>\n<meta name=\"twitter:label1\" content=\"Dur\u00e9e de lecture estim\u00e9e\" \/>\n\t<meta name=\"twitter:data1\" content=\"1 minute\" \/>\n<script type=\"application\/ld+json\" class=\"yoast-schema-graph\">{\"@context\":\"https:\/\/schema.org\",\"@graph\":[{\"@type\":\"WebPage\",\"@id\":\"https:\/\/housesmoke.ch\/produit\/4128\/\",\"url\":\"https:\/\/housesmoke.ch\/produit\/4128\/\",\"name\":\"Rivella Bleu - Housesmoke\",\"isPartOf\":{\"@id\":\"https:\/\/housesmoke.ch\/#website\"},\"primaryImageOfPage\":{\"@id\":\"https:\/\/housesmoke.ch\/produit\/4128\/#primaryimage\"},\"image\":{\"@id\":\"https:\/\/housesmoke.ch\/produit\/4128\/#primaryimage\"},\"thumbnailUrl\":\"https:\/\/housesmoke.ch\/wp-content\/uploads\/2026\/02\/1x50cl-7.png\",\"datePublished\":\"2026-02-11T14:12:28+00:00\",\"dateModified\":\"2026-02-21T16:09:25+00:00\",\"breadcrumb\":{\"@id\":\"https:\/\/housesmoke.ch\/produit\/4128\/#breadcrumb\"},\"inLanguage\":\"fr-FR\",\"potentialAction\":[{\"@type\":\"ReadAction\",\"target\":[\"https:\/\/housesmoke.ch\/produit\/4128\/\"]}]},{\"@type\":\"ImageObject\",\"inLanguage\":\"fr-FR\",\"@id\":\"https:\/\/housesmoke.ch\/produit\/4128\/#primaryimage\",\"url\":\"https:\/\/housesmoke.ch\/wp-content\/uploads\/2026\/02\/1x50cl-7.png\",\"contentUrl\":\"https:\/\/housesmoke.ch\/wp-content\/uploads\/2026\/02\/1x50cl-7.png\",\"width\":1058,\"height\":1587},{\"@type\":\"BreadcrumbList\",\"@id\":\"https:\/\/housesmoke.ch\/produit\/4128\/#breadcrumb\",\"itemListElement\":[{\"@type\":\"ListItem\",\"position\":1,\"name\":\"Accueil\",\"item\":\"https:\/\/housesmoke.ch\/fr_fr\/\"},{\"@type\":\"ListItem\",\"position\":2,\"name\":\"Produits\",\"item\":\"https:\/\/housesmoke.ch\/products\/\"},{\"@type\":\"ListItem\",\"position\":3,\"name\":\"Rivella Bleu\"}]},{\"@type\":\"WebSite\",\"@id\":\"https:\/\/housesmoke.ch\/#website\",\"url\":\"https:\/\/housesmoke.ch\/\",\"name\":\"Housesmoke\",\"description\":\"\",\"potentialAction\":[{\"@type\":\"SearchAction\",\"target\":{\"@type\":\"EntryPoint\",\"urlTemplate\":\"https:\/\/housesmoke.ch\/?s={search_term_string}\"},\"query-input\":{\"@type\":\"PropertyValueSpecification\",\"valueRequired\":true,\"valueName\":\"search_term_string\"}}],\"inLanguage\":\"fr-FR\"}]}<\/script>\n<!-- \/ Yoast SEO plugin. -->","yoast_head_json":{"title":"Rivella Bleu - Housesmoke","robots":{"index":"index","follow":"follow","max-snippet":"max-snippet:-1","max-image-preview":"max-image-preview:large","max-video-preview":"max-video-preview:-1"},"canonical":"https:\/\/housesmoke.ch\/fr\/produit\/4128\/","og_locale":"fr_FR","og_type":"article","og_title":"Rivella Bleu - Housesmoke","og_description":"&nbsp;    Cat\u00e9gorie Soft drinks   Ingr\u00e9dients Eau, lactos\u00e9rum (issu du lait), \u00e9dulcorants, gaz carbonique, acidifiant (acide citrique), ar\u00f4mes naturels.   Conditionnement Carton de 6 bouteilles   Volume total 9 L   Prix indicatif \u00e0 l'unit\u00e9 2.85","og_url":"https:\/\/housesmoke.ch\/fr\/produit\/4128\/","og_site_name":"Housesmoke","article_modified_time":"2026-02-21T16:09:25+00:00","og_image":[{"width":1058,"height":1587,"url":"https:\/\/housesmoke.ch\/wp-content\/uploads\/2026\/02\/1x50cl-7.png","type":"image\/png"}],"twitter_card":"summary_large_image","twitter_misc":{"Dur\u00e9e de lecture estim\u00e9e":"1 minute"},"schema":{"@context":"https:\/\/schema.org","@graph":[{"@type":"WebPage","@id":"https:\/\/housesmoke.ch\/produit\/4128\/","url":"https:\/\/housesmoke.ch\/produit\/4128\/","name":"Rivella Bleu - Housesmoke","isPartOf":{"@id":"https:\/\/housesmoke.ch\/#website"},"primaryImageOfPage":{"@id":"https:\/\/housesmoke.ch\/produit\/4128\/#primaryimage"},"image":{"@id":"https:\/\/housesmoke.ch\/produit\/4128\/#primaryimage"},"thumbnailUrl":"https:\/\/housesmoke.ch\/wp-content\/uploads\/2026\/02\/1x50cl-7.png","datePublished":"2026-02-11T14:12:28+00:00","dateModified":"2026-02-21T16:09:25+00:00","breadcrumb":{"@id":"https:\/\/housesmoke.ch\/produit\/4128\/#breadcrumb"},"inLanguage":"fr-FR","potentialAction":[{"@type":"ReadAction","target":["https:\/\/housesmoke.ch\/produit\/4128\/"]}]},{"@type":"ImageObject","inLanguage":"fr-FR","@id":"https:\/\/housesmoke.ch\/produit\/4128\/#primaryimage","url":"https:\/\/housesmoke.ch\/wp-content\/uploads\/2026\/02\/1x50cl-7.png","contentUrl":"https:\/\/housesmoke.ch\/wp-content\/uploads\/2026\/02\/1x50cl-7.png","width":1058,"height":1587},{"@type":"BreadcrumbList","@id":"https:\/\/housesmoke.ch\/produit\/4128\/#breadcrumb","itemListElement":[{"@type":"ListItem","position":1,"name":"Accueil","item":"https:\/\/housesmoke.ch\/fr_fr\/"},{"@type":"ListItem","position":2,"name":"Produits","item":"https:\/\/housesmoke.ch\/products\/"},{"@type":"ListItem","position":3,"name":"Rivella Bleu"}]},{"@type":"WebSite","@id":"https:\/\/housesmoke.ch\/#website","url":"https:\/\/housesmoke.ch\/","name":"Housesmoke","description":"","potentialAction":[{"@type":"SearchAction","target":{"@type":"EntryPoint","urlTemplate":"https:\/\/housesmoke.ch\/?s={search_term_string}"},"query-input":{"@type":"PropertyValueSpecification","valueRequired":true,"valueName":"search_term_string"}}],"inLanguage":"fr-FR"}]}},"brands":[],"_links":{"self":[{"href":"http:\/\/housesmoke.ch\/fr\/wp-json\/wp\/v2\/product\/4128","targetHints":{"allow":["GET"]}}],"collection":[{"href":"http:\/\/housesmoke.ch\/fr\/wp-json\/wp\/v2\/product"}],"about":[{"href":"http:\/\/housesmoke.ch\/fr\/wp-json\/wp\/v2\/types\/product"}],"replies":[{"embeddable":true,"href":"http:\/\/housesmoke.ch\/fr\/wp-json\/wp\/v2\/comments?post=4128"}],"wp:featuredmedia":[{"embeddable":true,"href":"http:\/\/housesmoke.ch\/fr\/wp-json\/wp\/v2\/media\/4336"}],"wp:attachment":[{"href":"http:\/\/housesmoke.ch\/fr\/wp-json\/wp\/v2\/media?parent=4128"}],"wp:term":[{"taxonomy":"pwb-brand","embeddable":true,"href":"http:\/\/housesmoke.ch\/fr\/wp-json\/wp\/v2\/pwb-brand?post=4128"},{"taxonomy":"product_brand","embeddable":true,"href":"http:\/\/housesmoke.ch\/fr\/wp-json\/wp\/v2\/product_brand?post=4128"},{"taxonomy":"product_cat","embeddable":true,"href":"http:\/\/housesmoke.ch\/fr\/wp-json\/wp\/v2\/product_cat?post=4128"},{"taxonomy":"product_tag","embeddable":true,"href":"http:\/\/housesmoke.ch\/fr\/wp-json\/wp\/v2\/product_tag?post=4128"}],"curies":[{"name":"wp","href":"https:\/\/api.w.org\/{rel}","templated":true}]}}