{"id":4119,"date":"2026-02-11T15:23:50","date_gmt":"2026-02-11T13:23:50","guid":{"rendered":"https:\/\/housesmoke.ch\/?post_type=product&#038;p=4119"},"modified":"2026-02-21T18:11:06","modified_gmt":"2026-02-21T16:11:06","slug":"rivella-vert","status":"publish","type":"product","link":"http:\/\/housesmoke.ch\/fr\/produit\/rivella-vert\/","title":{"rendered":"Rivella Vert"},"content":{"rendered":"<p>Toute la fra\u00eecheur de Rivella associ\u00e9e \u00e0 une d\u00e9licate note de th\u00e9 vert. Une boisson l\u00e9g\u00e8re, d\u00e9salt\u00e9rante et subtilement aromatique, id\u00e9ale pour accompagner les repas ou se rafra\u00eechir \u00e0 tout moment. Format \u00e9conomique 6\u00d71.5L, parfait pour la famille ou les \u00e9v\u00e9nements.<\/p>\n","protected":false},"excerpt":{"rendered":"<p>&nbsp;<\/p>\n<table class=\"info-table\" style=\"height: 263px;\" width=\"911\">\n<tbody>\n<tr>\n<th style=\"text-align: left;\">Cat\u00e9gorie<\/th>\n<td>Soft drinks<\/td>\n<\/tr>\n<tr>\n<th style=\"text-align: left;\">Ingr\u00e9dients<\/th>\n<td>Eau, sucre, acide carbonique, colorant E150d, acidifiant E338, ar\u00f4mes naturels incl. caf\u00e9ine.<\/td>\n<\/tr>\n<tr>\n<th style=\"text-align: left;\">Conditionnement<\/th>\n<td>Carton de 6 bouteilles<\/td>\n<\/tr>\n<tr>\n<th style=\"text-align: left;\"><strong>Volume total<\/strong><\/th>\n<td>9 L<\/td>\n<\/tr>\n<tr>\n<th style=\"text-align: left;\"><strong>Prix indicatif \u00e0 l&rsquo;unit\u00e9<\/strong><\/th>\n<td>2.85<\/td>\n<\/tr>\n<\/tbody>\n<\/table>\n","protected":false},"featured_media":4346,"comment_status":"open","ping_status":"closed","template":"","meta":{"_acf_changed":false,"site-sidebar-layout":"default","site-content-layout":"","ast-site-content-layout":"default","site-content-style":"default","site-sidebar-style":"default","ast-global-header-display":"","ast-banner-title-visibility":"","ast-main-header-display":"","ast-hfb-above-header-display":"","ast-hfb-below-header-display":"","ast-hfb-mobile-header-display":"","site-post-title":"","ast-breadcrumbs-content":"","ast-featured-img":"","footer-sml-layout":"","ast-disable-related-posts":"","theme-transparent-header-meta":"default","adv-header-id-meta":"","stick-header-meta":"","header-above-stick-meta":"","header-main-stick-meta":"","header-below-stick-meta":"","astra-migrate-meta-layouts":"set","ast-page-background-enabled":"default","ast-page-background-meta":{"desktop":{"background-color":"var(--ast-global-color-4)","background-image":"","background-repeat":"repeat","background-position":"center center","background-size":"auto","background-attachment":"scroll","background-type":"","background-media":"","overlay-type":"","overlay-color":"","overlay-opacity":"","overlay-gradient":""},"tablet":{"background-color":"","background-image":"","background-repeat":"repeat","background-position":"center center","background-size":"auto","background-attachment":"scroll","background-type":"","background-media":"","overlay-type":"","overlay-color":"","overlay-opacity":"","overlay-gradient":""},"mobile":{"background-color":"","background-image":"","background-repeat":"repeat","background-position":"center center","background-size":"auto","background-attachment":"scroll","background-type":"","background-media":"","overlay-type":"","overlay-color":"","overlay-opacity":"","overlay-gradient":""}},"ast-content-background-meta":{"desktop":{"background-color":"var(--ast-global-color-5)","background-image":"","background-repeat":"repeat","background-position":"center center","background-size":"auto","background-attachment":"scroll","background-type":"","background-media":"","overlay-type":"","overlay-color":"","overlay-opacity":"","overlay-gradient":""},"tablet":{"background-color":"var(--ast-global-color-5)","background-image":"","background-repeat":"repeat","background-position":"center center","background-size":"auto","background-attachment":"scroll","background-type":"","background-media":"","overlay-type":"","overlay-color":"","overlay-opacity":"","overlay-gradient":""},"mobile":{"background-color":"var(--ast-global-color-5)","background-image":"","background-repeat":"repeat","background-position":"center center","background-size":"auto","background-attachment":"scroll","background-type":"","background-media":"","overlay-type":"","overlay-color":"","overlay-opacity":"","overlay-gradient":""}}},"pwb-brand":[],"product_brand":[],"product_cat":[105],"product_tag":[],"class_list":{"0":"post-4119","1":"product","2":"type-product","3":"status-publish","4":"has-post-thumbnail","6":"product_cat-soft-drinks","7":"pa_format-pet-1x50cl","8":"pa_format-pet-1x150cl","9":"pa_format-pet-6x150cl","10":"pa_format-pet-24x50cl","11":"pa_size-1-5l","12":"desktop-align-left","13":"tablet-align-left","14":"mobile-align-left","16":"first","17":"instock","18":"taxable","19":"shipping-taxable","20":"purchasable","21":"product-type-variable","22":"has-default-attributes"},"acf":[],"yoast_head":"<!-- This site is optimized with the Yoast SEO plugin v26.9 - https:\/\/yoast.com\/product\/yoast-seo-wordpress\/ -->\n<title>Rivella Vert - Housesmoke<\/title>\n<meta name=\"robots\" content=\"index, follow, max-snippet:-1, max-image-preview:large, max-video-preview:-1\" \/>\n<link rel=\"canonical\" href=\"https:\/\/housesmoke.ch\/fr\/produit\/rivella-vert\/\" \/>\n<meta property=\"og:locale\" content=\"fr_FR\" \/>\n<meta property=\"og:type\" content=\"article\" \/>\n<meta property=\"og:title\" content=\"Rivella Vert - Housesmoke\" \/>\n<meta property=\"og:description\" content=\"&nbsp;    Cat\u00e9gorie Soft drinks   Ingr\u00e9dients Eau, sucre, acide carbonique, colorant E150d, acidifiant E338, ar\u00f4mes naturels incl. caf\u00e9ine.   Conditionnement Carton de 6 bouteilles   Volume total 9 L   Prix indicatif \u00e0 l&#039;unit\u00e9 2.85\" \/>\n<meta property=\"og:url\" content=\"https:\/\/housesmoke.ch\/fr\/produit\/rivella-vert\/\" \/>\n<meta property=\"og:site_name\" content=\"Housesmoke\" \/>\n<meta property=\"article:modified_time\" content=\"2026-02-21T16:11:06+00:00\" \/>\n<meta property=\"og:image\" content=\"https:\/\/housesmoke.ch\/wp-content\/uploads\/2026\/02\/Capture-decran-2026-02-21-a-16.49.26.png\" \/>\n\t<meta property=\"og:image:width\" content=\"815\" \/>\n\t<meta property=\"og:image:height\" content=\"1218\" \/>\n\t<meta property=\"og:image:type\" content=\"image\/png\" \/>\n<meta name=\"twitter:card\" content=\"summary_large_image\" \/>\n<meta name=\"twitter:label1\" content=\"Dur\u00e9e de lecture estim\u00e9e\" \/>\n\t<meta name=\"twitter:data1\" content=\"1 minute\" \/>\n<script type=\"application\/ld+json\" class=\"yoast-schema-graph\">{\"@context\":\"https:\/\/schema.org\",\"@graph\":[{\"@type\":\"WebPage\",\"@id\":\"https:\/\/housesmoke.ch\/produit\/rivella-vert\/\",\"url\":\"https:\/\/housesmoke.ch\/produit\/rivella-vert\/\",\"name\":\"Rivella Vert - Housesmoke\",\"isPartOf\":{\"@id\":\"https:\/\/housesmoke.ch\/#website\"},\"primaryImageOfPage\":{\"@id\":\"https:\/\/housesmoke.ch\/produit\/rivella-vert\/#primaryimage\"},\"image\":{\"@id\":\"https:\/\/housesmoke.ch\/produit\/rivella-vert\/#primaryimage\"},\"thumbnailUrl\":\"https:\/\/housesmoke.ch\/wp-content\/uploads\/2026\/02\/Capture-decran-2026-02-21-a-16.49.26.png\",\"datePublished\":\"2026-02-11T13:23:50+00:00\",\"dateModified\":\"2026-02-21T16:11:06+00:00\",\"breadcrumb\":{\"@id\":\"https:\/\/housesmoke.ch\/produit\/rivella-vert\/#breadcrumb\"},\"inLanguage\":\"fr-FR\",\"potentialAction\":[{\"@type\":\"ReadAction\",\"target\":[\"https:\/\/housesmoke.ch\/produit\/rivella-vert\/\"]}]},{\"@type\":\"ImageObject\",\"inLanguage\":\"fr-FR\",\"@id\":\"https:\/\/housesmoke.ch\/produit\/rivella-vert\/#primaryimage\",\"url\":\"https:\/\/housesmoke.ch\/wp-content\/uploads\/2026\/02\/Capture-decran-2026-02-21-a-16.49.26.png\",\"contentUrl\":\"https:\/\/housesmoke.ch\/wp-content\/uploads\/2026\/02\/Capture-decran-2026-02-21-a-16.49.26.png\",\"width\":815,\"height\":1218},{\"@type\":\"BreadcrumbList\",\"@id\":\"https:\/\/housesmoke.ch\/produit\/rivella-vert\/#breadcrumb\",\"itemListElement\":[{\"@type\":\"ListItem\",\"position\":1,\"name\":\"Accueil\",\"item\":\"https:\/\/housesmoke.ch\/fr_fr\/\"},{\"@type\":\"ListItem\",\"position\":2,\"name\":\"Produits\",\"item\":\"https:\/\/housesmoke.ch\/products\/\"},{\"@type\":\"ListItem\",\"position\":3,\"name\":\"Rivella Vert\"}]},{\"@type\":\"WebSite\",\"@id\":\"https:\/\/housesmoke.ch\/#website\",\"url\":\"https:\/\/housesmoke.ch\/\",\"name\":\"Housesmoke\",\"description\":\"\",\"potentialAction\":[{\"@type\":\"SearchAction\",\"target\":{\"@type\":\"EntryPoint\",\"urlTemplate\":\"https:\/\/housesmoke.ch\/?s={search_term_string}\"},\"query-input\":{\"@type\":\"PropertyValueSpecification\",\"valueRequired\":true,\"valueName\":\"search_term_string\"}}],\"inLanguage\":\"fr-FR\"}]}<\/script>\n<!-- \/ Yoast SEO plugin. -->","yoast_head_json":{"title":"Rivella Vert - Housesmoke","robots":{"index":"index","follow":"follow","max-snippet":"max-snippet:-1","max-image-preview":"max-image-preview:large","max-video-preview":"max-video-preview:-1"},"canonical":"https:\/\/housesmoke.ch\/fr\/produit\/rivella-vert\/","og_locale":"fr_FR","og_type":"article","og_title":"Rivella Vert - Housesmoke","og_description":"&nbsp;    Cat\u00e9gorie Soft drinks   Ingr\u00e9dients Eau, sucre, acide carbonique, colorant E150d, acidifiant E338, ar\u00f4mes naturels incl. caf\u00e9ine.   Conditionnement Carton de 6 bouteilles   Volume total 9 L   Prix indicatif \u00e0 l'unit\u00e9 2.85","og_url":"https:\/\/housesmoke.ch\/fr\/produit\/rivella-vert\/","og_site_name":"Housesmoke","article_modified_time":"2026-02-21T16:11:06+00:00","og_image":[{"width":815,"height":1218,"url":"https:\/\/housesmoke.ch\/wp-content\/uploads\/2026\/02\/Capture-decran-2026-02-21-a-16.49.26.png","type":"image\/png"}],"twitter_card":"summary_large_image","twitter_misc":{"Dur\u00e9e de lecture estim\u00e9e":"1 minute"},"schema":{"@context":"https:\/\/schema.org","@graph":[{"@type":"WebPage","@id":"https:\/\/housesmoke.ch\/produit\/rivella-vert\/","url":"https:\/\/housesmoke.ch\/produit\/rivella-vert\/","name":"Rivella Vert - Housesmoke","isPartOf":{"@id":"https:\/\/housesmoke.ch\/#website"},"primaryImageOfPage":{"@id":"https:\/\/housesmoke.ch\/produit\/rivella-vert\/#primaryimage"},"image":{"@id":"https:\/\/housesmoke.ch\/produit\/rivella-vert\/#primaryimage"},"thumbnailUrl":"https:\/\/housesmoke.ch\/wp-content\/uploads\/2026\/02\/Capture-decran-2026-02-21-a-16.49.26.png","datePublished":"2026-02-11T13:23:50+00:00","dateModified":"2026-02-21T16:11:06+00:00","breadcrumb":{"@id":"https:\/\/housesmoke.ch\/produit\/rivella-vert\/#breadcrumb"},"inLanguage":"fr-FR","potentialAction":[{"@type":"ReadAction","target":["https:\/\/housesmoke.ch\/produit\/rivella-vert\/"]}]},{"@type":"ImageObject","inLanguage":"fr-FR","@id":"https:\/\/housesmoke.ch\/produit\/rivella-vert\/#primaryimage","url":"https:\/\/housesmoke.ch\/wp-content\/uploads\/2026\/02\/Capture-decran-2026-02-21-a-16.49.26.png","contentUrl":"https:\/\/housesmoke.ch\/wp-content\/uploads\/2026\/02\/Capture-decran-2026-02-21-a-16.49.26.png","width":815,"height":1218},{"@type":"BreadcrumbList","@id":"https:\/\/housesmoke.ch\/produit\/rivella-vert\/#breadcrumb","itemListElement":[{"@type":"ListItem","position":1,"name":"Accueil","item":"https:\/\/housesmoke.ch\/fr_fr\/"},{"@type":"ListItem","position":2,"name":"Produits","item":"https:\/\/housesmoke.ch\/products\/"},{"@type":"ListItem","position":3,"name":"Rivella Vert"}]},{"@type":"WebSite","@id":"https:\/\/housesmoke.ch\/#website","url":"https:\/\/housesmoke.ch\/","name":"Housesmoke","description":"","potentialAction":[{"@type":"SearchAction","target":{"@type":"EntryPoint","urlTemplate":"https:\/\/housesmoke.ch\/?s={search_term_string}"},"query-input":{"@type":"PropertyValueSpecification","valueRequired":true,"valueName":"search_term_string"}}],"inLanguage":"fr-FR"}]}},"brands":[],"_links":{"self":[{"href":"http:\/\/housesmoke.ch\/fr\/wp-json\/wp\/v2\/product\/4119","targetHints":{"allow":["GET"]}}],"collection":[{"href":"http:\/\/housesmoke.ch\/fr\/wp-json\/wp\/v2\/product"}],"about":[{"href":"http:\/\/housesmoke.ch\/fr\/wp-json\/wp\/v2\/types\/product"}],"replies":[{"embeddable":true,"href":"http:\/\/housesmoke.ch\/fr\/wp-json\/wp\/v2\/comments?post=4119"}],"wp:featuredmedia":[{"embeddable":true,"href":"http:\/\/housesmoke.ch\/fr\/wp-json\/wp\/v2\/media\/4346"}],"wp:attachment":[{"href":"http:\/\/housesmoke.ch\/fr\/wp-json\/wp\/v2\/media?parent=4119"}],"wp:term":[{"taxonomy":"pwb-brand","embeddable":true,"href":"http:\/\/housesmoke.ch\/fr\/wp-json\/wp\/v2\/pwb-brand?post=4119"},{"taxonomy":"product_brand","embeddable":true,"href":"http:\/\/housesmoke.ch\/fr\/wp-json\/wp\/v2\/product_brand?post=4119"},{"taxonomy":"product_cat","embeddable":true,"href":"http:\/\/housesmoke.ch\/fr\/wp-json\/wp\/v2\/product_cat?post=4119"},{"taxonomy":"product_tag","embeddable":true,"href":"http:\/\/housesmoke.ch\/fr\/wp-json\/wp\/v2\/product_tag?post=4119"}],"curies":[{"name":"wp","href":"https:\/\/api.w.org\/{rel}","templated":true}]}}