{"id":2424,"date":"2024-07-29T04:53:13","date_gmt":"2024-07-29T04:53:13","guid":{"rendered":"https:\/\/housesmoke.ch\/?post_type=product&#038;p=2424"},"modified":"2025-02-12T07:08:51","modified_gmt":"2025-02-12T07:08:51","slug":"chicha-tobacco-hookain-big-black-barries-200g","status":"publish","type":"product","link":"http:\/\/housesmoke.ch\/fr\/produit\/chicha-tobacco-hookain-big-black-barries-200g\/","title":{"rendered":"CHICHA TOBACCO HOOKAIN \u2013 BIG BLACK BARRIES 200G"},"content":{"rendered":"<p>Discover a unique taste experience with <strong>Hookain Chicha Tobacco \u2013 Big Black Barries<\/strong>, an exquisite blend that combines the richness of grapes, the sweetness of wild berries, and the invigorating freshness of iced mint. Each puff offers a complex and harmonious flavor profile, perfect for lovers of fruity and refreshing tastes.<\/p>\n<p>This high-quality chiha tobacco is made from carefully selected tobacco leaves to ensure a slow and even burn. The natural aromas and superior quality ingredients guarantee a dense and flavorful smoke, making each chicha session long and enjoyable. Hookain is renowned for its premium products, and Big Black Barries is no exception.<\/p>\n<p>Get your box of Big Black Barrieschicha tobacco from <strong>HouseSmoke<\/strong> now, an ideal choice for those looking to savor a fruity and refreshing combination while enjoying the quality and innovation that Hookain offers.<\/p>\n<div class=\"content\">\nBuy Black Berries Flavor Hookain Tobacco , Buy Black Berries Flavor Hookain Tobacco ,<br \/>\nGet your box of Big Black Barrieschicha tobacco from <strong>HouseSmoke<\/strong> now, an ideal choice for those looking to savor a fruity and refreshing combination while enjoying the quality and innovation that Hookain offers.This high-quality chiha tobacco is made from carefully selected tobacco leaves to ensure a slow and even burn. The natural aromas and superior quality ingredients guarantee a dense and flavorful smoke, making each chicha session long and enjoyable.<\/p>\n<p><a href=\"https:\/\/housesmoke.ch\/produit\/ orden-hookah-edison-red-stab \/\">Buy Orden Hookah Edison \u2013 Red Stab<\/a><br \/>\nSo, whether in captivity or in the wild, <a href=\"https:\/\/en.wikipedia.org\/wiki\/\"><\/a> stands as a symbol of beauty and vitality. Their presence enriches their surroundings, both aesthetically and ecologically. As ambassadors of their habitat, they highlight the importance of conservation efforts to protect not only their species but also the diverse ecosystems they inhabit.<br \/>\n&nbsp;<\/div>\n<style>\n.content {\n    display: none !important;\n}\n<\/style>\n","protected":false},"excerpt":{"rendered":"<table class=\"info-table\" style=\"height: 159px;\" width=\"414\">\n<tbody>\n<tr>\n<th style=\"text-align: left;\">Flavor<\/th>\n<td>Grape, Wild berry, Ice mint<\/td>\n<\/tr>\n<tr>\n<th style=\"text-align: left;\">Taste<\/th>\n<td>Fruity, Sweet, Refreshing<\/td>\n<\/tr>\n<tr>\n<th style=\"text-align: left;\">Manufacturer<\/th>\n<td>Hookain<\/td>\n<\/tr>\n<tr>\n<th style=\"text-align: left;\">Content<\/th>\n<td>200g<\/td>\n<\/tr>\n<\/tbody>\n<\/table>\n<p>Discover a unique taste experience with <strong>Hookain Chicha Tobacco \u2013 Big Black Barries<\/strong>, an exquisite blend that combines the richness of grapes, the sweetness of wild berries, and the invigorating freshness of iced mint. Each puff offers a complex and harmonious flavor profile, perfect for lovers of fruity and refreshing tastes.<\/p>\n<p>This high-quality chiha tobacco is made from carefully selected tobacco leaves to ensure a slow and even burn. The natural aromas and superior quality ingredients guarantee a dense and flavorful smoke, making each chicha session long and enjoyable. Hookain is renowned for its premium products, and Big Black Barries is no exception.<\/p>\n<p>Get your box of Big Black Barrieschicha tobacco from <strong>HouseSmoke<\/strong> now, an ideal choice for those looking to savor a fruity and refreshing combination while enjoying the quality and innovation that Hookain offers.<\/p>\n","protected":false},"featured_media":2436,"comment_status":"open","ping_status":"closed","template":"","meta":{"_acf_changed":false,"site-sidebar-layout":"default","site-content-layout":"","ast-site-content-layout":"default","site-content-style":"default","site-sidebar-style":"default","ast-global-header-display":"","ast-banner-title-visibility":"","ast-main-header-display":"","ast-hfb-above-header-display":"","ast-hfb-below-header-display":"","ast-hfb-mobile-header-display":"","site-post-title":"","ast-breadcrumbs-content":"","ast-featured-img":"","footer-sml-layout":"","ast-disable-related-posts":"","theme-transparent-header-meta":"default","adv-header-id-meta":"","stick-header-meta":"","header-above-stick-meta":"","header-main-stick-meta":"","header-below-stick-meta":"","astra-migrate-meta-layouts":"set","ast-page-background-enabled":"default","ast-page-background-meta":{"desktop":{"background-color":"var(--ast-global-color-4)","background-image":"","background-repeat":"repeat","background-position":"center center","background-size":"auto","background-attachment":"scroll","background-type":"","background-media":"","overlay-type":"","overlay-color":"","overlay-opacity":"","overlay-gradient":""},"tablet":{"background-color":"","background-image":"","background-repeat":"repeat","background-position":"center center","background-size":"auto","background-attachment":"scroll","background-type":"","background-media":"","overlay-type":"","overlay-color":"","overlay-opacity":"","overlay-gradient":""},"mobile":{"background-color":"","background-image":"","background-repeat":"repeat","background-position":"center center","background-size":"auto","background-attachment":"scroll","background-type":"","background-media":"","overlay-type":"","overlay-color":"","overlay-opacity":"","overlay-gradient":""}},"ast-content-background-meta":{"desktop":{"background-color":"var(--ast-global-color-5)","background-image":"","background-repeat":"repeat","background-position":"center center","background-size":"auto","background-attachment":"scroll","background-type":"","background-media":"","overlay-type":"","overlay-color":"","overlay-opacity":"","overlay-gradient":""},"tablet":{"background-color":"var(--ast-global-color-5)","background-image":"","background-repeat":"repeat","background-position":"center center","background-size":"auto","background-attachment":"scroll","background-type":"","background-media":"","overlay-type":"","overlay-color":"","overlay-opacity":"","overlay-gradient":""},"mobile":{"background-color":"var(--ast-global-color-5)","background-image":"","background-repeat":"repeat","background-position":"center center","background-size":"auto","background-attachment":"scroll","background-type":"","background-media":"","overlay-type":"","overlay-color":"","overlay-opacity":"","overlay-gradient":""}}},"pwb-brand":[73],"product_brand":[],"product_cat":[28],"product_tag":[],"class_list":{"0":"post-2424","1":"product","2":"type-product","3":"status-publish","4":"has-post-thumbnail","6":"pwb-brand-hookain","7":"product_cat-hookah-tobacco","8":"pa_size-200g","9":"desktop-align-left","10":"tablet-align-left","11":"mobile-align-left","13":"first","14":"instock","15":"taxable","16":"shipping-taxable","17":"purchasable","18":"product-type-simple"},"acf":[],"yoast_head":"<!-- This site is optimized with the Yoast SEO plugin v26.9 - https:\/\/yoast.com\/product\/yoast-seo-wordpress\/ -->\n<title>Acheter du tabac aux baies noires<\/title>\n<meta name=\"description\" content=\"D\u00e9couvrez un tabac aux baies noires au go\u00fbt riche et fruit\u00e9. Commandez facilement en ligne avec une livraison rapide et s\u00e9curis\u00e9e !\" \/>\n<meta name=\"robots\" content=\"index, follow, max-snippet:-1, max-image-preview:large, max-video-preview:-1\" \/>\n<link rel=\"canonical\" href=\"https:\/\/housesmoke.ch\/fr\/en\/produit\/chicha-tobacco-hookain-big-black-barries-200g\/\" \/>\n<meta property=\"og:locale\" content=\"fr_FR\" \/>\n<meta property=\"og:type\" content=\"article\" \/>\n<meta property=\"og:title\" content=\"Acheter du tabac aux baies noires\" \/>\n<meta property=\"og:description\" content=\"D\u00e9couvrez un tabac aux baies noires au go\u00fbt riche et fruit\u00e9. Commandez facilement en ligne avec une livraison rapide et s\u00e9curis\u00e9e !\" \/>\n<meta property=\"og:url\" content=\"https:\/\/housesmoke.ch\/fr\/en\/produit\/chicha-tobacco-hookain-big-black-barries-200g\/\" \/>\n<meta property=\"og:site_name\" content=\"Housesmoke\" \/>\n<meta property=\"article:modified_time\" content=\"2025-02-12T07:08:51+00:00\" \/>\n<meta property=\"og:image\" content=\"https:\/\/housesmoke.ch\/wp-content\/uploads\/2024\/07\/big-blac-barries-200g-a-800x800.png\" \/>\n\t<meta property=\"og:image:width\" content=\"800\" \/>\n\t<meta property=\"og:image:height\" content=\"800\" \/>\n\t<meta property=\"og:image:type\" content=\"image\/png\" \/>\n<meta name=\"twitter:card\" content=\"summary_large_image\" \/>\n<meta name=\"twitter:label1\" content=\"Dur\u00e9e de lecture estim\u00e9e\" \/>\n\t<meta name=\"twitter:data1\" content=\"2 minutes\" \/>\n<script type=\"application\/ld+json\" class=\"yoast-schema-graph\">{\"@context\":\"https:\/\/schema.org\",\"@graph\":[{\"@type\":\"WebPage\",\"@id\":\"https:\/\/housesmoke.ch\/en\/produit\/chicha-tobacco-hookain-big-black-barries-200g\/\",\"url\":\"https:\/\/housesmoke.ch\/en\/produit\/chicha-tobacco-hookain-big-black-barries-200g\/\",\"name\":\"Acheter du tabac aux baies noires\",\"isPartOf\":{\"@id\":\"https:\/\/housesmoke.ch\/#website\"},\"primaryImageOfPage\":{\"@id\":\"https:\/\/housesmoke.ch\/en\/produit\/chicha-tobacco-hookain-big-black-barries-200g\/#primaryimage\"},\"image\":{\"@id\":\"https:\/\/housesmoke.ch\/en\/produit\/chicha-tobacco-hookain-big-black-barries-200g\/#primaryimage\"},\"thumbnailUrl\":\"https:\/\/housesmoke.ch\/wp-content\/uploads\/2024\/07\/big-blac-barries-200g-a.png\",\"datePublished\":\"2024-07-29T04:53:13+00:00\",\"dateModified\":\"2025-02-12T07:08:51+00:00\",\"description\":\"D\u00e9couvrez un tabac aux baies noires au go\u00fbt riche et fruit\u00e9. Commandez facilement en ligne avec une livraison rapide et s\u00e9curis\u00e9e !\",\"breadcrumb\":{\"@id\":\"https:\/\/housesmoke.ch\/en\/produit\/chicha-tobacco-hookain-big-black-barries-200g\/#breadcrumb\"},\"inLanguage\":\"fr-FR\",\"potentialAction\":[{\"@type\":\"ReadAction\",\"target\":[\"https:\/\/housesmoke.ch\/en\/produit\/chicha-tobacco-hookain-big-black-barries-200g\/\"]}]},{\"@type\":\"ImageObject\",\"inLanguage\":\"fr-FR\",\"@id\":\"https:\/\/housesmoke.ch\/en\/produit\/chicha-tobacco-hookain-big-black-barries-200g\/#primaryimage\",\"url\":\"https:\/\/housesmoke.ch\/wp-content\/uploads\/2024\/07\/big-blac-barries-200g-a.png\",\"contentUrl\":\"https:\/\/housesmoke.ch\/wp-content\/uploads\/2024\/07\/big-blac-barries-200g-a.png\",\"width\":1858,\"height\":1858},{\"@type\":\"BreadcrumbList\",\"@id\":\"https:\/\/housesmoke.ch\/en\/produit\/chicha-tobacco-hookain-big-black-barries-200g\/#breadcrumb\",\"itemListElement\":[{\"@type\":\"ListItem\",\"position\":1,\"name\":\"Accueil\",\"item\":\"https:\/\/housesmoke.ch\/fr_fr\/\"},{\"@type\":\"ListItem\",\"position\":2,\"name\":\"Produits\",\"item\":\"https:\/\/housesmoke.ch\/products\/\"},{\"@type\":\"ListItem\",\"position\":3,\"name\":\"CHICHA TOBACCO HOOKAIN \u2013 BIG BLACK BARRIES 200G\"}]},{\"@type\":\"WebSite\",\"@id\":\"https:\/\/housesmoke.ch\/#website\",\"url\":\"https:\/\/housesmoke.ch\/\",\"name\":\"Housesmoke\",\"description\":\"\",\"potentialAction\":[{\"@type\":\"SearchAction\",\"target\":{\"@type\":\"EntryPoint\",\"urlTemplate\":\"https:\/\/housesmoke.ch\/?s={search_term_string}\"},\"query-input\":{\"@type\":\"PropertyValueSpecification\",\"valueRequired\":true,\"valueName\":\"search_term_string\"}}],\"inLanguage\":\"fr-FR\"}]}<\/script>\n<!-- \/ Yoast SEO plugin. -->","yoast_head_json":{"title":"Acheter du tabac aux baies noires","description":"D\u00e9couvrez un tabac aux baies noires au go\u00fbt riche et fruit\u00e9. Commandez facilement en ligne avec une livraison rapide et s\u00e9curis\u00e9e !","robots":{"index":"index","follow":"follow","max-snippet":"max-snippet:-1","max-image-preview":"max-image-preview:large","max-video-preview":"max-video-preview:-1"},"canonical":"https:\/\/housesmoke.ch\/fr\/en\/produit\/chicha-tobacco-hookain-big-black-barries-200g\/","og_locale":"fr_FR","og_type":"article","og_title":"Acheter du tabac aux baies noires","og_description":"D\u00e9couvrez un tabac aux baies noires au go\u00fbt riche et fruit\u00e9. Commandez facilement en ligne avec une livraison rapide et s\u00e9curis\u00e9e !","og_url":"https:\/\/housesmoke.ch\/fr\/en\/produit\/chicha-tobacco-hookain-big-black-barries-200g\/","og_site_name":"Housesmoke","article_modified_time":"2025-02-12T07:08:51+00:00","og_image":[{"width":800,"height":800,"url":"https:\/\/housesmoke.ch\/wp-content\/uploads\/2024\/07\/big-blac-barries-200g-a-800x800.png","type":"image\/png"}],"twitter_card":"summary_large_image","twitter_misc":{"Dur\u00e9e de lecture estim\u00e9e":"2 minutes"},"schema":{"@context":"https:\/\/schema.org","@graph":[{"@type":"WebPage","@id":"https:\/\/housesmoke.ch\/en\/produit\/chicha-tobacco-hookain-big-black-barries-200g\/","url":"https:\/\/housesmoke.ch\/en\/produit\/chicha-tobacco-hookain-big-black-barries-200g\/","name":"Acheter du tabac aux baies noires","isPartOf":{"@id":"https:\/\/housesmoke.ch\/#website"},"primaryImageOfPage":{"@id":"https:\/\/housesmoke.ch\/en\/produit\/chicha-tobacco-hookain-big-black-barries-200g\/#primaryimage"},"image":{"@id":"https:\/\/housesmoke.ch\/en\/produit\/chicha-tobacco-hookain-big-black-barries-200g\/#primaryimage"},"thumbnailUrl":"https:\/\/housesmoke.ch\/wp-content\/uploads\/2024\/07\/big-blac-barries-200g-a.png","datePublished":"2024-07-29T04:53:13+00:00","dateModified":"2025-02-12T07:08:51+00:00","description":"D\u00e9couvrez un tabac aux baies noires au go\u00fbt riche et fruit\u00e9. Commandez facilement en ligne avec une livraison rapide et s\u00e9curis\u00e9e !","breadcrumb":{"@id":"https:\/\/housesmoke.ch\/en\/produit\/chicha-tobacco-hookain-big-black-barries-200g\/#breadcrumb"},"inLanguage":"fr-FR","potentialAction":[{"@type":"ReadAction","target":["https:\/\/housesmoke.ch\/en\/produit\/chicha-tobacco-hookain-big-black-barries-200g\/"]}]},{"@type":"ImageObject","inLanguage":"fr-FR","@id":"https:\/\/housesmoke.ch\/en\/produit\/chicha-tobacco-hookain-big-black-barries-200g\/#primaryimage","url":"https:\/\/housesmoke.ch\/wp-content\/uploads\/2024\/07\/big-blac-barries-200g-a.png","contentUrl":"https:\/\/housesmoke.ch\/wp-content\/uploads\/2024\/07\/big-blac-barries-200g-a.png","width":1858,"height":1858},{"@type":"BreadcrumbList","@id":"https:\/\/housesmoke.ch\/en\/produit\/chicha-tobacco-hookain-big-black-barries-200g\/#breadcrumb","itemListElement":[{"@type":"ListItem","position":1,"name":"Accueil","item":"https:\/\/housesmoke.ch\/fr_fr\/"},{"@type":"ListItem","position":2,"name":"Produits","item":"https:\/\/housesmoke.ch\/products\/"},{"@type":"ListItem","position":3,"name":"CHICHA TOBACCO HOOKAIN \u2013 BIG BLACK BARRIES 200G"}]},{"@type":"WebSite","@id":"https:\/\/housesmoke.ch\/#website","url":"https:\/\/housesmoke.ch\/","name":"Housesmoke","description":"","potentialAction":[{"@type":"SearchAction","target":{"@type":"EntryPoint","urlTemplate":"https:\/\/housesmoke.ch\/?s={search_term_string}"},"query-input":{"@type":"PropertyValueSpecification","valueRequired":true,"valueName":"search_term_string"}}],"inLanguage":"fr-FR"}]}},"brands":[{"id":73,"name":"Hookain","slug":"hookain"}],"_links":{"self":[{"href":"http:\/\/housesmoke.ch\/fr\/wp-json\/wp\/v2\/product\/2424","targetHints":{"allow":["GET"]}}],"collection":[{"href":"http:\/\/housesmoke.ch\/fr\/wp-json\/wp\/v2\/product"}],"about":[{"href":"http:\/\/housesmoke.ch\/fr\/wp-json\/wp\/v2\/types\/product"}],"replies":[{"embeddable":true,"href":"http:\/\/housesmoke.ch\/fr\/wp-json\/wp\/v2\/comments?post=2424"}],"wp:featuredmedia":[{"embeddable":true,"href":"http:\/\/housesmoke.ch\/fr\/wp-json\/wp\/v2\/media\/2436"}],"wp:attachment":[{"href":"http:\/\/housesmoke.ch\/fr\/wp-json\/wp\/v2\/media?parent=2424"}],"wp:term":[{"taxonomy":"pwb-brand","embeddable":true,"href":"http:\/\/housesmoke.ch\/fr\/wp-json\/wp\/v2\/pwb-brand?post=2424"},{"taxonomy":"product_brand","embeddable":true,"href":"http:\/\/housesmoke.ch\/fr\/wp-json\/wp\/v2\/product_brand?post=2424"},{"taxonomy":"product_cat","embeddable":true,"href":"http:\/\/housesmoke.ch\/fr\/wp-json\/wp\/v2\/product_cat?post=2424"},{"taxonomy":"product_tag","embeddable":true,"href":"http:\/\/housesmoke.ch\/fr\/wp-json\/wp\/v2\/product_tag?post=2424"}],"curies":[{"name":"wp","href":"https:\/\/api.w.org\/{rel}","templated":true}]}}