{"id":2046,"date":"2024-06-27T12:13:01","date_gmt":"2024-06-27T12:13:01","guid":{"rendered":"https:\/\/housesmoke.ch\/?post_type=product&#038;p=2046"},"modified":"2025-02-22T11:57:57","modified_gmt":"2025-02-22T11:57:57","slug":"amotion-roam-stone","status":"publish","type":"product","link":"http:\/\/housesmoke.ch\/fr\/produit\/amotion-roam-stone\/","title":{"rendered":"AMOTION | ROAM \u2013 STONE"},"content":{"rendered":"<p>The AMOTION ROAM \u2013 STONE is a travel hookah that stands out as a complete work of art, designed for enthusiasts who want to bring their high-quality hookah experience wherever they go. It not only provides superior smoke quality but also serves as an elegant piece to enhance their collection. The \u00ab\u00a0ROAM \u2013STONE\u00a0\u00bb model blends technical innovation with captivating aesthetics, turning each hookah session into a practical, sensory, and enriching experience.<\/p>\n<p>The purge system of this hookah is exceptional, with strategically positioned outlets at the top of the base ensuring striking aesthetics and optimal performance.<\/p>\n<p>HouseSmoke offers a diverse range of accessories for this hookah model, including the <strong>AMOTION ROAM ADDON KIT \u2013 STONE<\/strong>, which includes a mouthpiece, a silicone hose, and a carrying bag. Additionally, the <strong>AMOTION ROAM \u2013 SPIKE<\/strong> is available to stabilize your hookah even on inclined or uneven surfaces.<\/p>\n<p>Get your AMOTION ROAM &#8211; STONE shisha now from HouseSmoke and get ready for an exceptional smoking experience.<\/p>\n<div class=\"content\">\nBuy AMOTION ROAM &#8211; STONE Travel Hookah, Buy AMOTION ROAM &#8211; STONE Travel Hookah<br \/>\n for a sleek and vibrant hookah accessory. Enhance your smoking experience with this durable and eye-catching design. Buy now!<br \/>\n a premium disposable e-cigarette designed for lovers of tropical and refreshing flavors. This exceptional vape combines the sweet and tangy taste of ripe pineapple with an icy touch,<\/p>\n<p><a href=\"https:\/\/housesmoke.ch\/produit\/ orden-hookah-edison-red-stab \/\">Buy Orden Hookah Edison \u2013 Red Stab<\/a><br \/>\nSo, whether in captivity or in the wild, <a href=\"https:\/\/en.wikipedia.org\/wiki\/\"><\/a> stands as a symbol of beauty and vitality. Their presence enriches their surroundings, both aesthetically and ecologically. As ambassadors of their habitat, they highlight the importance of conservation efforts to protect not only their species but also the diverse ecosystems they inhabit.<br \/>\n&nbsp;<\/div>\n<style>\n.content {\n    display: none !important;\n}\n<\/style>\n","protected":false},"excerpt":{"rendered":"<table class=\"info-table\" style=\"height: 159px;\" width=\"414\">\n<tbody>\n<tr>\n<th style=\"text-align: left;\"><strong>Material<\/strong><\/th>\n<td>Stainless steel, Plastic, EPDM, Silicone<\/td>\n<\/tr>\n<tr>\n<th style=\"text-align: left;\"><strong>Bowl color<\/strong><\/th>\n<td>Light grey<\/td>\n<\/tr>\n<tr>\n<th style=\"text-align: left;\"><strong>Smoke column color<\/strong><\/th>\n<td>Silver<\/td>\n<\/tr>\n<tr>\n<th style=\"text-align: left;\"><strong>Manufacturer<\/strong><\/th>\n<td>AMOTION<\/td>\n<\/tr>\n<tr>\n<th style=\"text-align: left;\"><strong>Height (cm)<\/strong><\/th>\n<td>16<\/td>\n<\/tr>\n<tr>\n<th style=\"text-align: left;\"><strong>Weight (kg)<\/strong><\/th>\n<td>1.45<\/td>\n<\/tr>\n<tr>\n<th style=\"text-align: left;\"><strong>Style<\/strong><\/th>\n<td>Modern, To-Go<\/td>\n<\/tr>\n<tr>\n<th style=\"text-align: left;\"><strong>Closing<\/strong><\/th>\n<td>Magnetic closure<\/td>\n<\/tr>\n<tr>\n<th style=\"text-align: left;\"><strong>Number of pipe entries<\/strong><\/th>\n<td>1<\/td>\n<\/tr>\n<\/tbody>\n<\/table>\n<p>The AMOTION ROAM \u2013 STONE is a travel hookah that stands out as a complete work of art, designed for enthusiasts who want to bring their high-quality hookah experience wherever they go. It not only provides superior smoke quality but also serves as an elegant piece to enhance their collection. The \u00ab\u00a0ROAM \u2013STONE\u00a0\u00bb model blends technical innovation with captivating aesthetics, turning each hookah session into a practical, sensory, and enriching experience.<\/p>\n<p>The purge system of this hookah is exceptional, with strategically positioned outlets at the top of the base ensuring striking aesthetics and optimal performance.<\/p>\n<p>HouseSmoke offers a diverse range of accessories for this hookah model, including the <strong>AMOTION ROAM ADDON KIT \u2013 STONE<\/strong>, which includes a mouthpiece, a silicone hose, and a carrying bag. Additionally, the <strong>AMOTION ROAM \u2013 SPIKE<\/strong> is available to stabilize your hookah even on inclined or uneven surfaces.<\/p>\n<p>Get your AMOTION ROAM &#8211; STONE shisha now from HouseSmoke and get ready for an exceptional smoking experience.<\/p>\n","protected":false},"featured_media":2107,"comment_status":"open","ping_status":"closed","template":"","meta":{"_acf_changed":false,"site-sidebar-layout":"default","site-content-layout":"","ast-site-content-layout":"default","site-content-style":"default","site-sidebar-style":"default","ast-global-header-display":"","ast-banner-title-visibility":"","ast-main-header-display":"","ast-hfb-above-header-display":"","ast-hfb-below-header-display":"","ast-hfb-mobile-header-display":"","site-post-title":"","ast-breadcrumbs-content":"","ast-featured-img":"","footer-sml-layout":"","ast-disable-related-posts":"","theme-transparent-header-meta":"default","adv-header-id-meta":"","stick-header-meta":"","header-above-stick-meta":"","header-main-stick-meta":"","header-below-stick-meta":"","astra-migrate-meta-layouts":"set","ast-page-background-enabled":"default","ast-page-background-meta":{"desktop":{"background-color":"var(--ast-global-color-4)","background-image":"","background-repeat":"repeat","background-position":"center center","background-size":"auto","background-attachment":"scroll","background-type":"","background-media":"","overlay-type":"","overlay-color":"","overlay-opacity":"","overlay-gradient":""},"tablet":{"background-color":"","background-image":"","background-repeat":"repeat","background-position":"center center","background-size":"auto","background-attachment":"scroll","background-type":"","background-media":"","overlay-type":"","overlay-color":"","overlay-opacity":"","overlay-gradient":""},"mobile":{"background-color":"","background-image":"","background-repeat":"repeat","background-position":"center center","background-size":"auto","background-attachment":"scroll","background-type":"","background-media":"","overlay-type":"","overlay-color":"","overlay-opacity":"","overlay-gradient":""}},"ast-content-background-meta":{"desktop":{"background-color":"var(--ast-global-color-5)","background-image":"","background-repeat":"repeat","background-position":"center center","background-size":"auto","background-attachment":"scroll","background-type":"","background-media":"","overlay-type":"","overlay-color":"","overlay-opacity":"","overlay-gradient":""},"tablet":{"background-color":"var(--ast-global-color-5)","background-image":"","background-repeat":"repeat","background-position":"center center","background-size":"auto","background-attachment":"scroll","background-type":"","background-media":"","overlay-type":"","overlay-color":"","overlay-opacity":"","overlay-gradient":""},"mobile":{"background-color":"var(--ast-global-color-5)","background-image":"","background-repeat":"repeat","background-position":"center center","background-size":"auto","background-attachment":"scroll","background-type":"","background-media":"","overlay-type":"","overlay-color":"","overlay-opacity":"","overlay-gradient":""}}},"pwb-brand":[51],"product_brand":[],"product_cat":[46],"product_tag":[],"class_list":{"0":"post-2046","1":"product","2":"type-product","3":"status-publish","4":"has-post-thumbnail","6":"pwb-brand-amotion","7":"product_cat-hookah","8":"desktop-align-left","9":"tablet-align-left","10":"mobile-align-left","12":"first","13":"instock","14":"taxable","15":"shipping-taxable","16":"purchasable","17":"product-type-simple"},"acf":[],"yoast_head":"<!-- This site is optimized with the Yoast SEO plugin v26.9 - https:\/\/yoast.com\/product\/yoast-seo-wordpress\/ -->\n<title>acheter un narguil\u00e9 amotion roam stone<\/title>\n<meta name=\"description\" content=\"Optez pour le narguil\u00e9 Amotion Roam Stone, design \u00e9l\u00e9gant et portable. Commandez en ligne au meilleur prix avec une livraison rapide et s\u00e9curis\u00e9e !\" \/>\n<meta name=\"robots\" content=\"index, follow, max-snippet:-1, max-image-preview:large, max-video-preview:-1\" \/>\n<link rel=\"canonical\" href=\"https:\/\/housesmoke.ch\/fr\/produit\/amotion-roam-stone\/\" \/>\n<meta property=\"og:locale\" content=\"fr_FR\" \/>\n<meta property=\"og:type\" content=\"article\" \/>\n<meta property=\"og:title\" content=\"acheter un narguil\u00e9 amotion roam stone\" \/>\n<meta property=\"og:description\" content=\"Optez pour le narguil\u00e9 Amotion Roam Stone, design \u00e9l\u00e9gant et portable. Commandez en ligne au meilleur prix avec une livraison rapide et s\u00e9curis\u00e9e !\" \/>\n<meta property=\"og:url\" content=\"https:\/\/housesmoke.ch\/fr\/produit\/amotion-roam-stone\/\" \/>\n<meta property=\"og:site_name\" content=\"Housesmoke\" \/>\n<meta property=\"article:modified_time\" content=\"2025-02-22T11:57:57+00:00\" \/>\n<meta property=\"og:image\" content=\"https:\/\/housesmoke.ch\/wp-content\/uploads\/2024\/06\/stone1-fin.png\" \/>\n\t<meta property=\"og:image:width\" content=\"1822\" \/>\n\t<meta property=\"og:image:height\" content=\"1822\" \/>\n\t<meta property=\"og:image:type\" content=\"image\/png\" \/>\n<meta name=\"twitter:card\" content=\"summary_large_image\" \/>\n<meta name=\"twitter:label1\" content=\"Dur\u00e9e de lecture estim\u00e9e\" \/>\n\t<meta name=\"twitter:data1\" content=\"2 minutes\" \/>\n<script type=\"application\/ld+json\" class=\"yoast-schema-graph\">{\"@context\":\"https:\/\/schema.org\",\"@graph\":[{\"@type\":\"WebPage\",\"@id\":\"https:\/\/housesmoke.ch\/produit\/amotion-roam-stone\/\",\"url\":\"https:\/\/housesmoke.ch\/produit\/amotion-roam-stone\/\",\"name\":\"acheter un narguil\u00e9 amotion roam stone\",\"isPartOf\":{\"@id\":\"https:\/\/housesmoke.ch\/#website\"},\"primaryImageOfPage\":{\"@id\":\"https:\/\/housesmoke.ch\/produit\/amotion-roam-stone\/#primaryimage\"},\"image\":{\"@id\":\"https:\/\/housesmoke.ch\/produit\/amotion-roam-stone\/#primaryimage\"},\"thumbnailUrl\":\"https:\/\/housesmoke.ch\/wp-content\/uploads\/2024\/06\/stone1-fin.png\",\"datePublished\":\"2024-06-27T12:13:01+00:00\",\"dateModified\":\"2025-02-22T11:57:57+00:00\",\"description\":\"Optez pour le narguil\u00e9 Amotion Roam Stone, design \u00e9l\u00e9gant et portable. Commandez en ligne au meilleur prix avec une livraison rapide et s\u00e9curis\u00e9e !\",\"breadcrumb\":{\"@id\":\"https:\/\/housesmoke.ch\/produit\/amotion-roam-stone\/#breadcrumb\"},\"inLanguage\":\"fr-FR\",\"potentialAction\":[{\"@type\":\"ReadAction\",\"target\":[\"https:\/\/housesmoke.ch\/produit\/amotion-roam-stone\/\"]}]},{\"@type\":\"ImageObject\",\"inLanguage\":\"fr-FR\",\"@id\":\"https:\/\/housesmoke.ch\/produit\/amotion-roam-stone\/#primaryimage\",\"url\":\"https:\/\/housesmoke.ch\/wp-content\/uploads\/2024\/06\/stone1-fin.png\",\"contentUrl\":\"https:\/\/housesmoke.ch\/wp-content\/uploads\/2024\/06\/stone1-fin.png\",\"width\":1822,\"height\":1822},{\"@type\":\"BreadcrumbList\",\"@id\":\"https:\/\/housesmoke.ch\/produit\/amotion-roam-stone\/#breadcrumb\",\"itemListElement\":[{\"@type\":\"ListItem\",\"position\":1,\"name\":\"Accueil\",\"item\":\"https:\/\/housesmoke.ch\/fr_fr\/\"},{\"@type\":\"ListItem\",\"position\":2,\"name\":\"Produits\",\"item\":\"https:\/\/housesmoke.ch\/products\/\"}]},{\"@type\":\"WebSite\",\"@id\":\"https:\/\/housesmoke.ch\/#website\",\"url\":\"https:\/\/housesmoke.ch\/\",\"name\":\"Housesmoke\",\"description\":\"\",\"potentialAction\":[{\"@type\":\"SearchAction\",\"target\":{\"@type\":\"EntryPoint\",\"urlTemplate\":\"https:\/\/housesmoke.ch\/?s={search_term_string}\"},\"query-input\":{\"@type\":\"PropertyValueSpecification\",\"valueRequired\":true,\"valueName\":\"search_term_string\"}}],\"inLanguage\":\"fr-FR\"}]}<\/script>\n<!-- \/ Yoast SEO plugin. -->","yoast_head_json":{"title":"acheter un narguil\u00e9 amotion roam stone","description":"Optez pour le narguil\u00e9 Amotion Roam Stone, design \u00e9l\u00e9gant et portable. Commandez en ligne au meilleur prix avec une livraison rapide et s\u00e9curis\u00e9e !","robots":{"index":"index","follow":"follow","max-snippet":"max-snippet:-1","max-image-preview":"max-image-preview:large","max-video-preview":"max-video-preview:-1"},"canonical":"https:\/\/housesmoke.ch\/fr\/produit\/amotion-roam-stone\/","og_locale":"fr_FR","og_type":"article","og_title":"acheter un narguil\u00e9 amotion roam stone","og_description":"Optez pour le narguil\u00e9 Amotion Roam Stone, design \u00e9l\u00e9gant et portable. Commandez en ligne au meilleur prix avec une livraison rapide et s\u00e9curis\u00e9e !","og_url":"https:\/\/housesmoke.ch\/fr\/produit\/amotion-roam-stone\/","og_site_name":"Housesmoke","article_modified_time":"2025-02-22T11:57:57+00:00","og_image":[{"width":1822,"height":1822,"url":"https:\/\/housesmoke.ch\/wp-content\/uploads\/2024\/06\/stone1-fin.png","type":"image\/png"}],"twitter_card":"summary_large_image","twitter_misc":{"Dur\u00e9e de lecture estim\u00e9e":"2 minutes"},"schema":{"@context":"https:\/\/schema.org","@graph":[{"@type":"WebPage","@id":"https:\/\/housesmoke.ch\/produit\/amotion-roam-stone\/","url":"https:\/\/housesmoke.ch\/produit\/amotion-roam-stone\/","name":"acheter un narguil\u00e9 amotion roam stone","isPartOf":{"@id":"https:\/\/housesmoke.ch\/#website"},"primaryImageOfPage":{"@id":"https:\/\/housesmoke.ch\/produit\/amotion-roam-stone\/#primaryimage"},"image":{"@id":"https:\/\/housesmoke.ch\/produit\/amotion-roam-stone\/#primaryimage"},"thumbnailUrl":"https:\/\/housesmoke.ch\/wp-content\/uploads\/2024\/06\/stone1-fin.png","datePublished":"2024-06-27T12:13:01+00:00","dateModified":"2025-02-22T11:57:57+00:00","description":"Optez pour le narguil\u00e9 Amotion Roam Stone, design \u00e9l\u00e9gant et portable. Commandez en ligne au meilleur prix avec une livraison rapide et s\u00e9curis\u00e9e !","breadcrumb":{"@id":"https:\/\/housesmoke.ch\/produit\/amotion-roam-stone\/#breadcrumb"},"inLanguage":"fr-FR","potentialAction":[{"@type":"ReadAction","target":["https:\/\/housesmoke.ch\/produit\/amotion-roam-stone\/"]}]},{"@type":"ImageObject","inLanguage":"fr-FR","@id":"https:\/\/housesmoke.ch\/produit\/amotion-roam-stone\/#primaryimage","url":"https:\/\/housesmoke.ch\/wp-content\/uploads\/2024\/06\/stone1-fin.png","contentUrl":"https:\/\/housesmoke.ch\/wp-content\/uploads\/2024\/06\/stone1-fin.png","width":1822,"height":1822},{"@type":"BreadcrumbList","@id":"https:\/\/housesmoke.ch\/produit\/amotion-roam-stone\/#breadcrumb","itemListElement":[{"@type":"ListItem","position":1,"name":"Accueil","item":"https:\/\/housesmoke.ch\/fr_fr\/"},{"@type":"ListItem","position":2,"name":"Produits","item":"https:\/\/housesmoke.ch\/products\/"}]},{"@type":"WebSite","@id":"https:\/\/housesmoke.ch\/#website","url":"https:\/\/housesmoke.ch\/","name":"Housesmoke","description":"","potentialAction":[{"@type":"SearchAction","target":{"@type":"EntryPoint","urlTemplate":"https:\/\/housesmoke.ch\/?s={search_term_string}"},"query-input":{"@type":"PropertyValueSpecification","valueRequired":true,"valueName":"search_term_string"}}],"inLanguage":"fr-FR"}]}},"brands":[{"id":51,"name":"AMOTION","slug":"amotion"}],"_links":{"self":[{"href":"http:\/\/housesmoke.ch\/fr\/wp-json\/wp\/v2\/product\/2046","targetHints":{"allow":["GET"]}}],"collection":[{"href":"http:\/\/housesmoke.ch\/fr\/wp-json\/wp\/v2\/product"}],"about":[{"href":"http:\/\/housesmoke.ch\/fr\/wp-json\/wp\/v2\/types\/product"}],"replies":[{"embeddable":true,"href":"http:\/\/housesmoke.ch\/fr\/wp-json\/wp\/v2\/comments?post=2046"}],"wp:featuredmedia":[{"embeddable":true,"href":"http:\/\/housesmoke.ch\/fr\/wp-json\/wp\/v2\/media\/2107"}],"wp:attachment":[{"href":"http:\/\/housesmoke.ch\/fr\/wp-json\/wp\/v2\/media?parent=2046"}],"wp:term":[{"taxonomy":"pwb-brand","embeddable":true,"href":"http:\/\/housesmoke.ch\/fr\/wp-json\/wp\/v2\/pwb-brand?post=2046"},{"taxonomy":"product_brand","embeddable":true,"href":"http:\/\/housesmoke.ch\/fr\/wp-json\/wp\/v2\/product_brand?post=2046"},{"taxonomy":"product_cat","embeddable":true,"href":"http:\/\/housesmoke.ch\/fr\/wp-json\/wp\/v2\/product_cat?post=2046"},{"taxonomy":"product_tag","embeddable":true,"href":"http:\/\/housesmoke.ch\/fr\/wp-json\/wp\/v2\/product_tag?post=2046"}],"curies":[{"name":"wp","href":"https:\/\/api.w.org\/{rel}","templated":true}]}}