{"id":4139,"date":"2026-02-11T18:10:23","date_gmt":"2026-02-11T16:10:23","guid":{"rendered":"https:\/\/housesmoke.ch\/?post_type=product&#038;p=4139"},"modified":"2026-02-21T18:04:38","modified_gmt":"2026-02-21T16:04:38","slug":"volvic-the-menthe","status":"publish","type":"product","link":"http:\/\/housesmoke.ch\/de\/produkt\/volvic-the-menthe\/","title":{"rendered":"Volvic Th\u00e9 Menthe"},"content":{"rendered":"<p data-start=\"0\" data-end=\"40\"><strong data-start=\"0\" data-end=\"40\">Volvic Th\u00e9 Vert Menthe<\/strong><\/p>\n<p data-start=\"42\" data-end=\"200\" data-is-last-node=\"\" data-is-only-node=\"\">Une boisson l\u00e9g\u00e8re et d\u00e9salt\u00e9rante alliant la douceur du th\u00e9 vert \u00e0 une fra\u00eecheur intense de menthe, id\u00e9ale pour une pause rafra\u00eechissante \u00e0 tout moment.<\/p>","protected":false},"excerpt":{"rendered":"<p>&nbsp;<\/p>\n<table class=\"info-table\" style=\"height: 375px;\" width=\"1786\">\n<tbody>\n<tr>\n<th style=\"text-align: left;\">Cat\u00e9gorie<\/th>\n<td>Soft drinks<\/td>\n<\/tr>\n<tr>\n<th style=\"text-align: left;\">Ingr\u00e9dients<\/th>\n<td>Eau min\u00e9rale naturelle Volvic, sucre, extrait de th\u00e9 vert, ar\u00f4mes naturels, acidifiant (acide citrique).<\/td>\n<\/tr>\n<tr>\n<th style=\"text-align: left;\">Conditionnement<\/th>\n<td>Carton de 6 bouteilles<\/td>\n<\/tr>\n<tr>\n<th style=\"text-align: left;\"><strong>Volume total<\/strong><\/th>\n<td>9 L<\/td>\n<\/tr>\n<tr>\n<th style=\"text-align: left;\"><strong>Prix indicatif \u00e0 l&rsquo;unit\u00e9<\/strong><\/th>\n<td>2.85<\/td>\n<\/tr>\n<\/tbody>\n<\/table>\n<p><!--more--><!--more--><\/p>","protected":false},"featured_media":4345,"comment_status":"open","ping_status":"closed","template":"","meta":{"_acf_changed":false,"site-sidebar-layout":"default","site-content-layout":"","ast-site-content-layout":"default","site-content-style":"default","site-sidebar-style":"default","ast-global-header-display":"","ast-banner-title-visibility":"","ast-main-header-display":"","ast-hfb-above-header-display":"","ast-hfb-below-header-display":"","ast-hfb-mobile-header-display":"","site-post-title":"","ast-breadcrumbs-content":"","ast-featured-img":"","footer-sml-layout":"","ast-disable-related-posts":"","theme-transparent-header-meta":"default","adv-header-id-meta":"","stick-header-meta":"","header-above-stick-meta":"","header-main-stick-meta":"","header-below-stick-meta":"","astra-migrate-meta-layouts":"set","ast-page-background-enabled":"default","ast-page-background-meta":{"desktop":{"background-color":"var(--ast-global-color-4)","background-image":"","background-repeat":"repeat","background-position":"center center","background-size":"auto","background-attachment":"scroll","background-type":"","background-media":"","overlay-type":"","overlay-color":"","overlay-opacity":"","overlay-gradient":""},"tablet":{"background-color":"","background-image":"","background-repeat":"repeat","background-position":"center center","background-size":"auto","background-attachment":"scroll","background-type":"","background-media":"","overlay-type":"","overlay-color":"","overlay-opacity":"","overlay-gradient":""},"mobile":{"background-color":"","background-image":"","background-repeat":"repeat","background-position":"center center","background-size":"auto","background-attachment":"scroll","background-type":"","background-media":"","overlay-type":"","overlay-color":"","overlay-opacity":"","overlay-gradient":""}},"ast-content-background-meta":{"desktop":{"background-color":"var(--ast-global-color-5)","background-image":"","background-repeat":"repeat","background-position":"center center","background-size":"auto","background-attachment":"scroll","background-type":"","background-media":"","overlay-type":"","overlay-color":"","overlay-opacity":"","overlay-gradient":""},"tablet":{"background-color":"var(--ast-global-color-5)","background-image":"","background-repeat":"repeat","background-position":"center center","background-size":"auto","background-attachment":"scroll","background-type":"","background-media":"","overlay-type":"","overlay-color":"","overlay-opacity":"","overlay-gradient":""},"mobile":{"background-color":"var(--ast-global-color-5)","background-image":"","background-repeat":"repeat","background-position":"center center","background-size":"auto","background-attachment":"scroll","background-type":"","background-media":"","overlay-type":"","overlay-color":"","overlay-opacity":"","overlay-gradient":""}}},"pwb-brand":[],"product_brand":[],"product_cat":[105],"product_tag":[],"class_list":{"0":"post-4139","1":"product","2":"type-product","3":"status-publish","4":"has-post-thumbnail","6":"product_cat-soft-drinks","7":"pa_format-pet-1x50cl","8":"pa_format-pet-1x150cl","9":"pa_format-pet-6x50cl","10":"pa_format-pet-6x150cl","11":"pa_format-pet-24x50cl","12":"desktop-align-left","13":"tablet-align-left","14":"mobile-align-left","16":"first","17":"instock","18":"taxable","19":"shipping-taxable","20":"purchasable","21":"product-type-variable","22":"has-default-attributes"},"acf":[],"yoast_head":"<!-- This site is optimized with the Yoast SEO plugin v26.9 - https:\/\/yoast.com\/product\/yoast-seo-wordpress\/ -->\n<title>Volvic Th\u00e9 Menthe - Housesmoke<\/title>\n<meta name=\"robots\" content=\"index, follow, max-snippet:-1, max-image-preview:large, max-video-preview:-1\" \/>\n<link rel=\"canonical\" href=\"https:\/\/housesmoke.ch\/de\/produkt\/volvic-the-menthe\/\" \/>\n<meta property=\"og:locale\" content=\"de_DE\" \/>\n<meta property=\"og:type\" content=\"article\" \/>\n<meta property=\"og:title\" content=\"Volvic Th\u00e9 Menthe - Housesmoke\" \/>\n<meta property=\"og:description\" content=\"&nbsp;    Cat\u00e9gorie Soft drinks   Ingr\u00e9dients Eau min\u00e9rale naturelle Volvic, sucre, extrait de th\u00e9 vert, ar\u00f4mes naturels, acidifiant (acide citrique).   Conditionnement Carton de 6 bouteilles   Volume total 9 L   Prix indicatif \u00e0 l&#039;unit\u00e9 2.85\" \/>\n<meta property=\"og:url\" content=\"https:\/\/housesmoke.ch\/de\/produkt\/volvic-the-menthe\/\" \/>\n<meta property=\"og:site_name\" content=\"Housesmoke\" \/>\n<meta property=\"article:modified_time\" content=\"2026-02-21T16:04:38+00:00\" \/>\n<meta property=\"og:image\" content=\"https:\/\/housesmoke.ch\/wp-content\/uploads\/2026\/02\/Capture-decran-2026-02-21-a-16.42.07.png\" \/>\n\t<meta property=\"og:image:width\" content=\"815\" \/>\n\t<meta property=\"og:image:height\" content=\"1193\" \/>\n\t<meta property=\"og:image:type\" content=\"image\/png\" \/>\n<meta name=\"twitter:card\" content=\"summary_large_image\" \/>\n<meta name=\"twitter:label1\" content=\"Gesch\u00e4tzte Lesezeit\" \/>\n\t<meta name=\"twitter:data1\" content=\"1\u00a0Minute\" \/>\n<script type=\"application\/ld+json\" class=\"yoast-schema-graph\">{\"@context\":\"https:\/\/schema.org\",\"@graph\":[{\"@type\":\"WebPage\",\"@id\":\"https:\/\/housesmoke.ch\/produit\/volvic-the-menthe\/\",\"url\":\"https:\/\/housesmoke.ch\/produit\/volvic-the-menthe\/\",\"name\":\"Volvic Th\u00e9 Menthe - Housesmoke\",\"isPartOf\":{\"@id\":\"https:\/\/housesmoke.ch\/#website\"},\"primaryImageOfPage\":{\"@id\":\"https:\/\/housesmoke.ch\/produit\/volvic-the-menthe\/#primaryimage\"},\"image\":{\"@id\":\"https:\/\/housesmoke.ch\/produit\/volvic-the-menthe\/#primaryimage\"},\"thumbnailUrl\":\"https:\/\/housesmoke.ch\/wp-content\/uploads\/2026\/02\/Capture-decran-2026-02-21-a-16.42.07.png\",\"datePublished\":\"2026-02-11T16:10:23+00:00\",\"dateModified\":\"2026-02-21T16:04:38+00:00\",\"breadcrumb\":{\"@id\":\"https:\/\/housesmoke.ch\/produit\/volvic-the-menthe\/#breadcrumb\"},\"inLanguage\":\"de-CH\",\"potentialAction\":[{\"@type\":\"ReadAction\",\"target\":[\"https:\/\/housesmoke.ch\/produit\/volvic-the-menthe\/\"]}]},{\"@type\":\"ImageObject\",\"inLanguage\":\"de-CH\",\"@id\":\"https:\/\/housesmoke.ch\/produit\/volvic-the-menthe\/#primaryimage\",\"url\":\"https:\/\/housesmoke.ch\/wp-content\/uploads\/2026\/02\/Capture-decran-2026-02-21-a-16.42.07.png\",\"contentUrl\":\"https:\/\/housesmoke.ch\/wp-content\/uploads\/2026\/02\/Capture-decran-2026-02-21-a-16.42.07.png\",\"width\":815,\"height\":1193},{\"@type\":\"BreadcrumbList\",\"@id\":\"https:\/\/housesmoke.ch\/produit\/volvic-the-menthe\/#breadcrumb\",\"itemListElement\":[{\"@type\":\"ListItem\",\"position\":1,\"name\":\"Accueil\",\"item\":\"https:\/\/housesmoke.ch\/fr_fr\/\"},{\"@type\":\"ListItem\",\"position\":2,\"name\":\"Produits\",\"item\":\"https:\/\/housesmoke.ch\/products\/\"},{\"@type\":\"ListItem\",\"position\":3,\"name\":\"Volvic Th\u00e9 Menthe\"}]},{\"@type\":\"WebSite\",\"@id\":\"https:\/\/housesmoke.ch\/#website\",\"url\":\"https:\/\/housesmoke.ch\/\",\"name\":\"Housesmoke\",\"description\":\"\",\"potentialAction\":[{\"@type\":\"SearchAction\",\"target\":{\"@type\":\"EntryPoint\",\"urlTemplate\":\"https:\/\/housesmoke.ch\/?s={search_term_string}\"},\"query-input\":{\"@type\":\"PropertyValueSpecification\",\"valueRequired\":true,\"valueName\":\"search_term_string\"}}],\"inLanguage\":\"de-CH\"}]}<\/script>\n<!-- \/ Yoast SEO plugin. -->","yoast_head_json":{"title":"Volvic Th\u00e9 Menthe - Housesmoke","robots":{"index":"index","follow":"follow","max-snippet":"max-snippet:-1","max-image-preview":"max-image-preview:large","max-video-preview":"max-video-preview:-1"},"canonical":"https:\/\/housesmoke.ch\/de\/produkt\/volvic-the-menthe\/","og_locale":"de_DE","og_type":"article","og_title":"Volvic Th\u00e9 Menthe - Housesmoke","og_description":"&nbsp;    Cat\u00e9gorie Soft drinks   Ingr\u00e9dients Eau min\u00e9rale naturelle Volvic, sucre, extrait de th\u00e9 vert, ar\u00f4mes naturels, acidifiant (acide citrique).   Conditionnement Carton de 6 bouteilles   Volume total 9 L   Prix indicatif \u00e0 l'unit\u00e9 2.85","og_url":"https:\/\/housesmoke.ch\/de\/produkt\/volvic-the-menthe\/","og_site_name":"Housesmoke","article_modified_time":"2026-02-21T16:04:38+00:00","og_image":[{"width":815,"height":1193,"url":"https:\/\/housesmoke.ch\/wp-content\/uploads\/2026\/02\/Capture-decran-2026-02-21-a-16.42.07.png","type":"image\/png"}],"twitter_card":"summary_large_image","twitter_misc":{"Gesch\u00e4tzte Lesezeit":"1\u00a0Minute"},"schema":{"@context":"https:\/\/schema.org","@graph":[{"@type":"WebPage","@id":"https:\/\/housesmoke.ch\/produit\/volvic-the-menthe\/","url":"https:\/\/housesmoke.ch\/produit\/volvic-the-menthe\/","name":"Volvic Th\u00e9 Menthe - Housesmoke","isPartOf":{"@id":"https:\/\/housesmoke.ch\/#website"},"primaryImageOfPage":{"@id":"https:\/\/housesmoke.ch\/produit\/volvic-the-menthe\/#primaryimage"},"image":{"@id":"https:\/\/housesmoke.ch\/produit\/volvic-the-menthe\/#primaryimage"},"thumbnailUrl":"https:\/\/housesmoke.ch\/wp-content\/uploads\/2026\/02\/Capture-decran-2026-02-21-a-16.42.07.png","datePublished":"2026-02-11T16:10:23+00:00","dateModified":"2026-02-21T16:04:38+00:00","breadcrumb":{"@id":"https:\/\/housesmoke.ch\/produit\/volvic-the-menthe\/#breadcrumb"},"inLanguage":"de-CH","potentialAction":[{"@type":"ReadAction","target":["https:\/\/housesmoke.ch\/produit\/volvic-the-menthe\/"]}]},{"@type":"ImageObject","inLanguage":"de-CH","@id":"https:\/\/housesmoke.ch\/produit\/volvic-the-menthe\/#primaryimage","url":"https:\/\/housesmoke.ch\/wp-content\/uploads\/2026\/02\/Capture-decran-2026-02-21-a-16.42.07.png","contentUrl":"https:\/\/housesmoke.ch\/wp-content\/uploads\/2026\/02\/Capture-decran-2026-02-21-a-16.42.07.png","width":815,"height":1193},{"@type":"BreadcrumbList","@id":"https:\/\/housesmoke.ch\/produit\/volvic-the-menthe\/#breadcrumb","itemListElement":[{"@type":"ListItem","position":1,"name":"Accueil","item":"https:\/\/housesmoke.ch\/fr_fr\/"},{"@type":"ListItem","position":2,"name":"Produits","item":"https:\/\/housesmoke.ch\/products\/"},{"@type":"ListItem","position":3,"name":"Volvic Th\u00e9 Menthe"}]},{"@type":"WebSite","@id":"https:\/\/housesmoke.ch\/#website","url":"https:\/\/housesmoke.ch\/","name":"Housesmoke","description":"","potentialAction":[{"@type":"SearchAction","target":{"@type":"EntryPoint","urlTemplate":"https:\/\/housesmoke.ch\/?s={search_term_string}"},"query-input":{"@type":"PropertyValueSpecification","valueRequired":true,"valueName":"search_term_string"}}],"inLanguage":"de-CH"}]}},"brands":[],"_links":{"self":[{"href":"http:\/\/housesmoke.ch\/de\/wp-json\/wp\/v2\/product\/4139","targetHints":{"allow":["GET"]}}],"collection":[{"href":"http:\/\/housesmoke.ch\/de\/wp-json\/wp\/v2\/product"}],"about":[{"href":"http:\/\/housesmoke.ch\/de\/wp-json\/wp\/v2\/types\/product"}],"replies":[{"embeddable":true,"href":"http:\/\/housesmoke.ch\/de\/wp-json\/wp\/v2\/comments?post=4139"}],"wp:featuredmedia":[{"embeddable":true,"href":"http:\/\/housesmoke.ch\/de\/wp-json\/wp\/v2\/media\/4345"}],"wp:attachment":[{"href":"http:\/\/housesmoke.ch\/de\/wp-json\/wp\/v2\/media?parent=4139"}],"wp:term":[{"taxonomy":"pwb-brand","embeddable":true,"href":"http:\/\/housesmoke.ch\/de\/wp-json\/wp\/v2\/pwb-brand?post=4139"},{"taxonomy":"product_brand","embeddable":true,"href":"http:\/\/housesmoke.ch\/de\/wp-json\/wp\/v2\/product_brand?post=4139"},{"taxonomy":"product_cat","embeddable":true,"href":"http:\/\/housesmoke.ch\/de\/wp-json\/wp\/v2\/product_cat?post=4139"},{"taxonomy":"product_tag","embeddable":true,"href":"http:\/\/housesmoke.ch\/de\/wp-json\/wp\/v2\/product_tag?post=4139"}],"curies":[{"name":"wp","href":"https:\/\/api.w.org\/{rel}","templated":true}]}}