{"id":2983,"date":"2024-09-19T08:49:55","date_gmt":"2024-09-19T08:49:55","guid":{"rendered":"https:\/\/housesmoke.ch\/?post_type=product&#038;p=2983"},"modified":"2025-11-17T20:40:56","modified_gmt":"2025-11-17T18:40:56","slug":"strawberry-ice-af5000","status":"publish","type":"product","link":"http:\/\/housesmoke.ch\/de\/produkt\/strawberry-ice-af5000\/","title":{"rendered":"STRAWBERRY ICE AF5000"},"content":{"rendered":"<p><span style=\"vertical-align: inherit;\"><span style=\"vertical-align: inherit;\">Verlangern Sie Ihr Lebnis mit dem ELFBAR Strawberry Ice AF5000 mit diesem 10ml Nachf\u00fclltank, der speziell f\u00fcr diese Einweg-E-Zigarette entwickelt wurde. Einfach zu fullen, erm\u00f6glicht er es Ihnen, Ihr Ger\u00e4t schnell aufzuladen und Ihre Lieblingsaromen noch l\u00e4nger zu genie\u00dfen. Perfekt f\u00fcr regelm\u00e4\u00dfige Dampfer bietet dieser Tank eine <\/span><\/span><strong><b><span style=\"vertical-align: inherit;\"><span style=\"vertical-align: inherit;\">praktische<\/span><\/span><\/b><\/strong><span style=\"vertical-align: inherit;\"><span style=\"vertical-align: inherit;\"> \u00a0und <\/span><\/span><strong><b><span style=\"vertical-align: inherit;\"><span style=\"vertical-align: inherit;\">kosteng\u00fcnstige<\/span><\/span><\/b><\/strong><span style=\"vertical-align: inherit;\"><span style=\"vertical-align: inherit;\"> \u00a0L\u00f6sung, um die Nutzung Ihres Ger\u00e4ts zu maximieren. Der einzigartige Geschmack des ELFBAR Strawberry Ice AF5000 vereint perfekt die su\u00dfe, zuckrige Note der Erdbeeren mit einer erfrischenden, eisigen Note.<\/span><\/span><\/p>\n<p><strong><b><span style=\"vertical-align: inherit;\"><span style=\"vertical-align: inherit;\">Instructions for use:<\/span><\/span><\/b><\/strong><\/p>\n<p><a href=\"https:\/\/www.youtube.com\/watch?v=LCquLJYVUhg&amp;t=32s\"><u><span style=\"vertical-align: inherit;\"><span style=\"vertical-align: inherit;\">https:\/\/www.youtube.com\/watch?v=LCquLJYVUhg&amp;t=32s<\/span><\/span><\/u><\/a><\/p>\n<p><span style=\"vertical-align: inherit;\"><span style=\"vertical-align: inherit;\">If you use the <\/span><\/span><strong><b><span style=\"vertical-align: inherit;\"><span style=\"vertical-align: inherit;\">Strawberry Ice Nachf\u00fcllung<\/span><\/span><\/b><\/strong><span style=\"vertical-align: inherit;\"><span style=\"vertical-align: inherit;\"> , it&rsquo;s compatible with the Elfbar AF5000 E-Zigarette, and <\/span><\/span><strong><b><span style=\"vertical-align: inherit;\"><span style=\"vertical-align: inherit;\">HouseSmoke<\/span><\/span><\/b><\/strong><span style=\"vertical-align: inherit;\"><span style=\"vertical-align: inherit;\"> \u00a0and its ingredients are fruity and fresh.<\/span><\/span><\/p>","protected":false},"excerpt":{"rendered":"<p>&nbsp;<\/p>\n<table class=\"info-table\" style=\"height: 159px;\" width=\"414\">\n<tbody>\n<tr>\n<th style=\"text-align: left;\"><span style=\"vertical-align: inherit;\"><span style=\"vertical-align: inherit;\">Compatibility<\/span><\/span><\/th>\n<td><span style=\"vertical-align: inherit;\"><span style=\"vertical-align: inherit;\">ELFBAR 5000<\/span><\/span><\/td>\n<\/tr>\n<tr>\n<th style=\"text-align: left;\"><span style=\"vertical-align: inherit;\"><span style=\"vertical-align: inherit;\">Flavor<\/span><\/span><\/th>\n<td><span style=\"vertical-align: inherit;\"><span style=\"vertical-align: inherit;\">Strawberry Ice<\/span><\/span><\/td>\n<\/tr>\n<tr>\n<th style=\"text-align: left;\"><span style=\"vertical-align: inherit;\"><span style=\"vertical-align: inherit;\">Taste<\/span><\/span><\/th>\n<td><span style=\"vertical-align: inherit;\"><span style=\"vertical-align: inherit;\">Fruity, Refreshing<\/span><\/span><\/td>\n<\/tr>\n<tr>\n<th style=\"text-align: left;\"><span style=\"vertical-align: inherit;\"><span style=\"vertical-align: inherit;\">Manufacturer<\/span><\/span><\/th>\n<td><span style=\"vertical-align: inherit;\"><span style=\"vertical-align: inherit;\">ELFBAR<\/span><\/span><\/td>\n<\/tr>\n<tr>\n<th style=\"text-align: left;\"><strong><span style=\"vertical-align: inherit;\"><span style=\"vertical-align: inherit;\">Number of puffs<\/span><\/span><\/strong><\/th>\n<td><span style=\"vertical-align: inherit;\"><span style=\"vertical-align: inherit;\">5000<\/span><\/span><\/td>\n<\/tr>\n<tr>\n<th style=\"text-align: left;\"><strong><span style=\"vertical-align: inherit;\"><span style=\"vertical-align: inherit;\">Nicotine content \/ ml<\/span><\/span><\/strong><\/th>\n<td><span style=\"vertical-align: inherit;\"><span style=\"vertical-align: inherit;\">20 mg of salt<\/span><\/span><\/td>\n<\/tr>\n<tr>\n<th style=\"text-align: left;\"><strong><span style=\"vertical-align: inherit;\"><span style=\"vertical-align: inherit;\">Liquid<\/span><\/span><\/strong><\/th>\n<td><span style=\"vertical-align: inherit;\"><span style=\"vertical-align: inherit;\">10 ml<\/span><\/span><\/td>\n<\/tr>\n<\/tbody>\n<\/table>\n<p><span style=\"vertical-align: inherit;\"><span style=\"vertical-align: inherit;\">Verlangern Sie Ihr Lebnis mit dem ELFBAR Strawberry Ice AF5000 mit diesem 10ml Nachf\u00fclltank, der speziell f\u00fcr diese Einweg-E-Zigarette entwickelt wurde. Einfach zu fullen, erm\u00f6glicht er es Ihnen, Ihr Ger\u00e4t schnell aufzuladen und Ihre Lieblingsaromen noch l\u00e4nger zu genie\u00dfen. Perfekt f\u00fcr regelm\u00e4\u00dfige Dampfer bietet dieser Tank eine <\/span><\/span><strong><b><span style=\"vertical-align: inherit;\"><span style=\"vertical-align: inherit;\">praktische<\/span><\/span><\/b><\/strong><span style=\"vertical-align: inherit;\"><span style=\"vertical-align: inherit;\"> \u00a0und <\/span><\/span><strong><b><span style=\"vertical-align: inherit;\"><span style=\"vertical-align: inherit;\">kosteng\u00fcnstige<\/span><\/span><\/b><\/strong><span style=\"vertical-align: inherit;\"><span style=\"vertical-align: inherit;\"> \u00a0L\u00f6sung, um die Nutzung Ihres Ger\u00e4ts zu maximieren. Der einzigartige Geschmack des ELFBAR Strawberry Ice AF5000 vereint perfekt die su\u00dfe, zuckrige Note der Erdbeeren mit einer erfrischenden, eisigen Note.<\/span><\/span><\/p>\n<p><strong><b><span style=\"vertical-align: inherit;\"><span style=\"vertical-align: inherit;\">Instructions for use:<\/span><\/span><\/b><\/strong><\/p>\n<p><a href=\"https:\/\/www.youtube.com\/watch?v=LCquLJYVUhg&amp;t=32s\"><u><span style=\"vertical-align: inherit;\"><span style=\"vertical-align: inherit;\">https:\/\/www.youtube.com\/watch?v=LCquLJYVUhg&amp;t=32s<\/span><\/span><\/u><\/a><\/p>\n<p><span style=\"vertical-align: inherit;\"><span style=\"vertical-align: inherit;\">If you use the <\/span><\/span><strong><b><span style=\"vertical-align: inherit;\"><span style=\"vertical-align: inherit;\">Strawberry Ice Nachf\u00fcllung<\/span><\/span><\/b><\/strong><span style=\"vertical-align: inherit;\"><span style=\"vertical-align: inherit;\"> , it&rsquo;s compatible with the Elfbar AF5000 E-Zigarette, and <\/span><\/span><strong><b><span style=\"vertical-align: inherit;\"><span style=\"vertical-align: inherit;\">HouseSmoke<\/span><\/span><\/b><\/strong><span style=\"vertical-align: inherit;\"><span style=\"vertical-align: inherit;\"> \u00a0and its ingredients are fruity and fresh.<\/span><\/span><\/p>","protected":false},"featured_media":3607,"comment_status":"open","ping_status":"closed","template":"","meta":{"_acf_changed":false,"site-sidebar-layout":"default","site-content-layout":"","ast-site-content-layout":"default","site-content-style":"default","site-sidebar-style":"default","ast-global-header-display":"","ast-banner-title-visibility":"","ast-main-header-display":"","ast-hfb-above-header-display":"","ast-hfb-below-header-display":"","ast-hfb-mobile-header-display":"","site-post-title":"","ast-breadcrumbs-content":"","ast-featured-img":"","footer-sml-layout":"","ast-disable-related-posts":"","theme-transparent-header-meta":"default","adv-header-id-meta":"","stick-header-meta":"","header-above-stick-meta":"","header-main-stick-meta":"","header-below-stick-meta":"","astra-migrate-meta-layouts":"set","ast-page-background-enabled":"default","ast-page-background-meta":{"desktop":{"background-color":"var(--ast-global-color-4)","background-image":"","background-repeat":"repeat","background-position":"center center","background-size":"auto","background-attachment":"scroll","background-type":"","background-media":"","overlay-type":"","overlay-color":"","overlay-opacity":"","overlay-gradient":""},"tablet":{"background-color":"","background-image":"","background-repeat":"repeat","background-position":"center center","background-size":"auto","background-attachment":"scroll","background-type":"","background-media":"","overlay-type":"","overlay-color":"","overlay-opacity":"","overlay-gradient":""},"mobile":{"background-color":"","background-image":"","background-repeat":"repeat","background-position":"center center","background-size":"auto","background-attachment":"scroll","background-type":"","background-media":"","overlay-type":"","overlay-color":"","overlay-opacity":"","overlay-gradient":""}},"ast-content-background-meta":{"desktop":{"background-color":"var(--ast-global-color-5)","background-image":"","background-repeat":"repeat","background-position":"center center","background-size":"auto","background-attachment":"scroll","background-type":"","background-media":"","overlay-type":"","overlay-color":"","overlay-opacity":"","overlay-gradient":""},"tablet":{"background-color":"var(--ast-global-color-5)","background-image":"","background-repeat":"repeat","background-position":"center center","background-size":"auto","background-attachment":"scroll","background-type":"","background-media":"","overlay-type":"","overlay-color":"","overlay-opacity":"","overlay-gradient":""},"mobile":{"background-color":"var(--ast-global-color-5)","background-image":"","background-repeat":"repeat","background-position":"center center","background-size":"auto","background-attachment":"scroll","background-type":"","background-media":"","overlay-type":"","overlay-color":"","overlay-opacity":"","overlay-gradient":""}}},"pwb-brand":[45],"product_brand":[],"product_cat":[93,102,44],"product_tag":[90],"class_list":{"0":"post-2983","1":"product","2":"type-product","3":"status-publish","4":"has-post-thumbnail","6":"pwb-brand-elfbar","7":"product_cat-elfbar","8":"product_cat-iquide-de-recharge","9":"product_cat-vapes-e-cigarettes","10":"product_tag-elfbar","11":"pa_size-5000-puffs","12":"desktop-align-left","13":"tablet-align-left","14":"mobile-align-left","16":"first","17":"instock","18":"taxable","19":"shipping-taxable","20":"purchasable","21":"product-type-simple"},"acf":[],"yoast_head":"<!-- This site is optimized with the Yoast SEO plugin v26.9 - https:\/\/yoast.com\/product\/yoast-seo-wordpress\/ -->\n<title>Buy LEMON LIME AF5000 Online<\/title>\n<meta name=\"description\" content=\"Buy LEMON LIME AF5000 Online, a disposable e-cigarette designed to help you gradually reduce your nicotine consumption.\" \/>\n<meta name=\"robots\" content=\"index, follow, max-snippet:-1, max-image-preview:large, max-video-preview:-1\" \/>\n<link rel=\"canonical\" href=\"https:\/\/housesmoke.ch\/de\/produkt\/strawberry-ice-af5000\/\" \/>\n<meta property=\"og:locale\" content=\"de_DE\" \/>\n<meta property=\"og:type\" content=\"article\" \/>\n<meta property=\"og:title\" content=\"Buy LEMON LIME AF5000 Online\" \/>\n<meta property=\"og:description\" content=\"Buy LEMON LIME AF5000 Online, a disposable e-cigarette designed to help you gradually reduce your nicotine consumption.\" \/>\n<meta property=\"og:url\" content=\"https:\/\/housesmoke.ch\/de\/produkt\/strawberry-ice-af5000\/\" \/>\n<meta property=\"og:site_name\" content=\"Housesmoke\" \/>\n<meta property=\"article:modified_time\" content=\"2025-11-17T18:40:56+00:00\" \/>\n<meta property=\"og:image\" content=\"https:\/\/housesmoke.ch\/wp-content\/uploads\/2024\/09\/Capture_d_ecran_2024-09-18_a_23.17.30-removebg-preview-e1762367011559.png\" \/>\n\t<meta property=\"og:image:width\" content=\"350\" \/>\n\t<meta property=\"og:image:height\" content=\"307\" \/>\n\t<meta property=\"og:image:type\" content=\"image\/png\" \/>\n<meta name=\"twitter:card\" content=\"summary_large_image\" \/>\n<meta name=\"twitter:label1\" content=\"Gesch\u00e4tzte Lesezeit\" \/>\n\t<meta name=\"twitter:data1\" content=\"1\u00a0Minute\" \/>\n<script type=\"application\/ld+json\" class=\"yoast-schema-graph\">{\"@context\":\"https:\/\/schema.org\",\"@graph\":[{\"@type\":\"WebPage\",\"@id\":\"https:\/\/housesmoke.ch\/produit\/strawberry-ice-af5000\/\",\"url\":\"https:\/\/housesmoke.ch\/produit\/strawberry-ice-af5000\/\",\"name\":\"Buy LEMON LIME AF5000 Online\",\"isPartOf\":{\"@id\":\"https:\/\/housesmoke.ch\/#website\"},\"primaryImageOfPage\":{\"@id\":\"https:\/\/housesmoke.ch\/produit\/strawberry-ice-af5000\/#primaryimage\"},\"image\":{\"@id\":\"https:\/\/housesmoke.ch\/produit\/strawberry-ice-af5000\/#primaryimage\"},\"thumbnailUrl\":\"https:\/\/housesmoke.ch\/wp-content\/uploads\/2024\/09\/Capture_d_ecran_2024-09-18_a_23.17.30-removebg-preview-e1762367011559.png\",\"datePublished\":\"2024-09-19T08:49:55+00:00\",\"dateModified\":\"2025-11-17T18:40:56+00:00\",\"description\":\"Buy LEMON LIME AF5000 Online, a disposable e-cigarette designed to help you gradually reduce your nicotine consumption.\",\"breadcrumb\":{\"@id\":\"https:\/\/housesmoke.ch\/produit\/strawberry-ice-af5000\/#breadcrumb\"},\"inLanguage\":\"de-CH\",\"potentialAction\":[{\"@type\":\"ReadAction\",\"target\":[\"https:\/\/housesmoke.ch\/produit\/strawberry-ice-af5000\/\"]}]},{\"@type\":\"ImageObject\",\"inLanguage\":\"de-CH\",\"@id\":\"https:\/\/housesmoke.ch\/produit\/strawberry-ice-af5000\/#primaryimage\",\"url\":\"https:\/\/housesmoke.ch\/wp-content\/uploads\/2024\/09\/Capture_d_ecran_2024-09-18_a_23.17.30-removebg-preview-e1762367011559.png\",\"contentUrl\":\"https:\/\/housesmoke.ch\/wp-content\/uploads\/2024\/09\/Capture_d_ecran_2024-09-18_a_23.17.30-removebg-preview-e1762367011559.png\",\"width\":350,\"height\":307,\"caption\":\"STRAWBERRY ICE AF5000\"},{\"@type\":\"BreadcrumbList\",\"@id\":\"https:\/\/housesmoke.ch\/produit\/strawberry-ice-af5000\/#breadcrumb\",\"itemListElement\":[{\"@type\":\"ListItem\",\"position\":1,\"name\":\"Accueil\",\"item\":\"https:\/\/housesmoke.ch\/fr_fr\/\"},{\"@type\":\"ListItem\",\"position\":2,\"name\":\"Produits\",\"item\":\"https:\/\/housesmoke.ch\/products\/\"},{\"@type\":\"ListItem\",\"position\":3,\"name\":\"STRAWBERRY ICE AF5000\"}]},{\"@type\":\"WebSite\",\"@id\":\"https:\/\/housesmoke.ch\/#website\",\"url\":\"https:\/\/housesmoke.ch\/\",\"name\":\"Housesmoke\",\"description\":\"\",\"potentialAction\":[{\"@type\":\"SearchAction\",\"target\":{\"@type\":\"EntryPoint\",\"urlTemplate\":\"https:\/\/housesmoke.ch\/?s={search_term_string}\"},\"query-input\":{\"@type\":\"PropertyValueSpecification\",\"valueRequired\":true,\"valueName\":\"search_term_string\"}}],\"inLanguage\":\"de-CH\"}]}<\/script>\n<!-- \/ Yoast SEO plugin. -->","yoast_head_json":{"title":"Buy LEMON LIME AF5000 Online","description":"Buy LEMON LIME AF5000 Online, a disposable e-cigarette designed to help you gradually reduce your nicotine consumption.","robots":{"index":"index","follow":"follow","max-snippet":"max-snippet:-1","max-image-preview":"max-image-preview:large","max-video-preview":"max-video-preview:-1"},"canonical":"https:\/\/housesmoke.ch\/de\/produkt\/strawberry-ice-af5000\/","og_locale":"de_DE","og_type":"article","og_title":"Buy LEMON LIME AF5000 Online","og_description":"Buy LEMON LIME AF5000 Online, a disposable e-cigarette designed to help you gradually reduce your nicotine consumption.","og_url":"https:\/\/housesmoke.ch\/de\/produkt\/strawberry-ice-af5000\/","og_site_name":"Housesmoke","article_modified_time":"2025-11-17T18:40:56+00:00","og_image":[{"width":350,"height":307,"url":"https:\/\/housesmoke.ch\/wp-content\/uploads\/2024\/09\/Capture_d_ecran_2024-09-18_a_23.17.30-removebg-preview-e1762367011559.png","type":"image\/png"}],"twitter_card":"summary_large_image","twitter_misc":{"Gesch\u00e4tzte Lesezeit":"1\u00a0Minute"},"schema":{"@context":"https:\/\/schema.org","@graph":[{"@type":"WebPage","@id":"https:\/\/housesmoke.ch\/produit\/strawberry-ice-af5000\/","url":"https:\/\/housesmoke.ch\/produit\/strawberry-ice-af5000\/","name":"Buy LEMON LIME AF5000 Online","isPartOf":{"@id":"https:\/\/housesmoke.ch\/#website"},"primaryImageOfPage":{"@id":"https:\/\/housesmoke.ch\/produit\/strawberry-ice-af5000\/#primaryimage"},"image":{"@id":"https:\/\/housesmoke.ch\/produit\/strawberry-ice-af5000\/#primaryimage"},"thumbnailUrl":"https:\/\/housesmoke.ch\/wp-content\/uploads\/2024\/09\/Capture_d_ecran_2024-09-18_a_23.17.30-removebg-preview-e1762367011559.png","datePublished":"2024-09-19T08:49:55+00:00","dateModified":"2025-11-17T18:40:56+00:00","description":"Buy LEMON LIME AF5000 Online, a disposable e-cigarette designed to help you gradually reduce your nicotine consumption.","breadcrumb":{"@id":"https:\/\/housesmoke.ch\/produit\/strawberry-ice-af5000\/#breadcrumb"},"inLanguage":"de-CH","potentialAction":[{"@type":"ReadAction","target":["https:\/\/housesmoke.ch\/produit\/strawberry-ice-af5000\/"]}]},{"@type":"ImageObject","inLanguage":"de-CH","@id":"https:\/\/housesmoke.ch\/produit\/strawberry-ice-af5000\/#primaryimage","url":"https:\/\/housesmoke.ch\/wp-content\/uploads\/2024\/09\/Capture_d_ecran_2024-09-18_a_23.17.30-removebg-preview-e1762367011559.png","contentUrl":"https:\/\/housesmoke.ch\/wp-content\/uploads\/2024\/09\/Capture_d_ecran_2024-09-18_a_23.17.30-removebg-preview-e1762367011559.png","width":350,"height":307,"caption":"STRAWBERRY ICE AF5000"},{"@type":"BreadcrumbList","@id":"https:\/\/housesmoke.ch\/produit\/strawberry-ice-af5000\/#breadcrumb","itemListElement":[{"@type":"ListItem","position":1,"name":"Accueil","item":"https:\/\/housesmoke.ch\/fr_fr\/"},{"@type":"ListItem","position":2,"name":"Produits","item":"https:\/\/housesmoke.ch\/products\/"},{"@type":"ListItem","position":3,"name":"STRAWBERRY ICE AF5000"}]},{"@type":"WebSite","@id":"https:\/\/housesmoke.ch\/#website","url":"https:\/\/housesmoke.ch\/","name":"Housesmoke","description":"","potentialAction":[{"@type":"SearchAction","target":{"@type":"EntryPoint","urlTemplate":"https:\/\/housesmoke.ch\/?s={search_term_string}"},"query-input":{"@type":"PropertyValueSpecification","valueRequired":true,"valueName":"search_term_string"}}],"inLanguage":"de-CH"}]}},"brands":[{"id":45,"name":"ELFBAR","slug":"elfbar"}],"_links":{"self":[{"href":"http:\/\/housesmoke.ch\/de\/wp-json\/wp\/v2\/product\/2983","targetHints":{"allow":["GET"]}}],"collection":[{"href":"http:\/\/housesmoke.ch\/de\/wp-json\/wp\/v2\/product"}],"about":[{"href":"http:\/\/housesmoke.ch\/de\/wp-json\/wp\/v2\/types\/product"}],"replies":[{"embeddable":true,"href":"http:\/\/housesmoke.ch\/de\/wp-json\/wp\/v2\/comments?post=2983"}],"wp:featuredmedia":[{"embeddable":true,"href":"http:\/\/housesmoke.ch\/de\/wp-json\/wp\/v2\/media\/3607"}],"wp:attachment":[{"href":"http:\/\/housesmoke.ch\/de\/wp-json\/wp\/v2\/media?parent=2983"}],"wp:term":[{"taxonomy":"pwb-brand","embeddable":true,"href":"http:\/\/housesmoke.ch\/de\/wp-json\/wp\/v2\/pwb-brand?post=2983"},{"taxonomy":"product_brand","embeddable":true,"href":"http:\/\/housesmoke.ch\/de\/wp-json\/wp\/v2\/product_brand?post=2983"},{"taxonomy":"product_cat","embeddable":true,"href":"http:\/\/housesmoke.ch\/de\/wp-json\/wp\/v2\/product_cat?post=2983"},{"taxonomy":"product_tag","embeddable":true,"href":"http:\/\/housesmoke.ch\/de\/wp-json\/wp\/v2\/product_tag?post=2983"}],"curies":[{"name":"wp","href":"https:\/\/api.w.org\/{rel}","templated":true}]}}